{"id":3625,"date":"2024-10-26T17:40:03","date_gmt":"2024-10-26T15:40:03","guid":{"rendered":"https:\/\/poledancebeziers.com\/?page_id=3625"},"modified":"2025-01-13T22:01:39","modified_gmt":"2025-01-13T21:01:39","slug":"pole-camp-a-votre-image","status":"publish","type":"page","link":"https:\/\/poledancebeziers.com\/index.php\/pole-camp-a-votre-image\/","title":{"rendered":"Un stage \u00e0 votre image"},"content":{"rendered":"<p>[vc_row css=\u00a0\u00bb.vc_custom_1729958779774{margin-top: 15px !important;}\u00a0\u00bb][vc_column][vc_column_text]<\/p>\n<h1><span style=\"color: #cb977f;\">&nbsp;Cr\u00e9er votre stage parfait<\/span><\/h1>\n<p>[\/vc_column_text][\/vc_column][\/vc_row][vc_row css=\u00a0\u00bb.vc_custom_1729958772115{margin-top: 30px !important;}\u00a0\u00bb][vc_column width=\u00a0\u00bb1\/4&Prime;][vc_single_image image=\u00a0\u00bb3627&Prime; img_size=\u00a0\u00bbmedium\u00a0\u00bb][\/vc_column][vc_column width=\u00a0\u00bb3\/4&Prime;][vc_column_text]<\/p>\n<h3 class=\"kt-adv-heading2333_350dc9-e2 wp-block-kadence-advancedheading\" style=\"text-align: center;\" data-kb-block=\"kb-adv-heading2333_350dc9-e2\"><span style=\"color: #968cbe;\">D\u00e9couvrez nos stages sur mesure<\/span><\/h3>\n<p class=\"has-text-align-center has--font-size\" style=\"text-align: left;\"><span style=\"color: #383f47;\">Vous souhaitez organiser un stage et vous souhaitez mixer plusieurs disciplines ou bien vous concentrez sur une seule ? Pole Dance, Pole Flow, Pole Exotic, souplesse, cerceau ou hamac ? <\/span><\/p>\n<p class=\"has-text-align-center has--font-size\" style=\"text-align: left;\"><span style=\"color: #968cbe;\"><strong>Faites votre programme et on s&rsquo;occupe du reste !<\/strong><\/span><\/p>\n<ol class=\"wp-block-list\">\n<li><span style=\"color: #383f47;\"><span style=\"color: #968cbe;\"><strong>Choisissez le niveau<\/strong>&nbsp;<\/span>(de d\u00e9butant \u00e0 avanc\u00e9)<\/span>&nbsp;<\/li>\n<li><span style=\"color: #383f47;\"><span style=\"color: #968cbe;\"><strong>Choisissez vos ateliers<\/strong><\/span>&nbsp;(parmi la liste suivante)<\/span><\/li>\n<\/ol>\n<p class=\"has-text-align-center has--font-size\" style=\"text-align: left;\"><span style=\"color: #383f47;\"><span style=\"color: #968cbe;\"><strong>Bon \u00e0 savoir :<\/strong><\/span> le stage peut se d\u00e9rouler soit \u00e0 l&rsquo;atelier de Manon ou au sein de votre studio !<\/span><\/p>\n<p>[\/vc_column_text][\/vc_column][\/vc_row][vc_row css=\u00a0\u00bb.vc_custom_1731338393304{margin-top: 15px !important;}\u00a0\u00bb][vc_column][vc_row_inner][vc_column_inner width=\u00a0\u00bb1\/3&Prime;][vc_icon icon_fontawesome=\u00a0\u00bbfas fa-gem\u00a0\u00bb color=\u00a0\u00bbcustom\u00a0\u00bb align=\u00a0\u00bbcenter\u00a0\u00bb custom_color=\u00a0\u00bb#ecd4bd\u00a0\u00bb][vc_column_text]<\/p>\n<h3 class=\"kt-blocks-info-box-title\" style=\"text-align: center;\"><span style=\"color: #cb977f;\">Spinning<\/span><\/h3>\n<p class=\"kt-blocks-info-box-text\"><span style=\"color: #383f47;\">Cours technique pour travailler des combos en spin. N\u2019h\u00e9sitez pas \u00e0 nous faire parvenir les figures en spin qui vous font r\u00eaver pour un stage sur mesure.<\/span><\/p>\n<p>[\/vc_column_text][\/vc_column_inner][vc_column_inner width=\u00a0\u00bb1\/3&Prime;][vc_icon type=\u00a0\u00bbopeniconic\u00a0\u00bb icon_openiconic=\u00a0\u00bbvc-oi vc-oi-star\u00a0\u00bb color=\u00a0\u00bbcustom\u00a0\u00bb align=\u00a0\u00bbcenter\u00a0\u00bb custom_color=\u00a0\u00bb#ecd4bd\u00a0\u00bb][vc_column_text]<\/p>\n<h3 class=\"kt-blocks-info-box-title\" style=\"text-align: center;\"><span style=\"color: #cb977f;\">Static<\/span><\/h3>\n<p class=\"kt-blocks-info-box-text\"><span style=\"color: #383f47;\">Cours technique pour travailler des combos en static dynamique et les rotations en static, jump et accro peuvent aussi \u00eatre de la partie !<\/span><br \/>\n<span style=\"color: #383f47;\">Dites-nous vos envies les plus folles !<\/span><\/p>\n<p>[\/vc_column_text][\/vc_column_inner][vc_column_inner width=\u00a0\u00bb1\/3&Prime;][vc_icon type=\u00a0\u00bbentypo\u00a0\u00bb icon_entypo=\u00a0\u00bbentypo-icon entypo-icon-feather\u00a0\u00bb color=\u00a0\u00bbcustom\u00a0\u00bb align=\u00a0\u00bbcenter\u00a0\u00bb custom_color=\u00a0\u00bb#ecd4bd\u00a0\u00bb][vc_column_text]<\/p>\n<h3 class=\"kt-blocks-info-box-title\" style=\"text-align: center;\"><span style=\"color: #cb977f;\">Flexy Tricks<\/span><\/h3>\n<p class=\"kt-blocks-info-box-text\"><span style=\"color: #383f47;\">Assouplissement en profondeur des jambes et du dos afin d\u2019allonger au maximum vos lignes pour r\u00e9aliser des figures en souplesse \u00e0 la barre.<\/span><\/p>\n<p>[\/vc_column_text][\/vc_column_inner][\/vc_row_inner][vc_row_inner css=\u00a0\u00bb.vc_custom_1730023294744{margin-top: 15px !important;}\u00a0\u00bb][vc_column_inner width=\u00a0\u00bb1\/3&Prime;][vc_icon type=\u00a0\u00bbopeniconic\u00a0\u00bb icon_openiconic=\u00a0\u00bbvc-oi vc-oi-moon\u00a0\u00bb color=\u00a0\u00bbcustom\u00a0\u00bb align=\u00a0\u00bbcenter\u00a0\u00bb custom_color=\u00a0\u00bb#ecd4bd\u00a0\u00bb][vc_column_text]<\/p>\n<h3 class=\"kt-blocks-info-box-title\" style=\"text-align: center;\"><span style=\"color: #cb977f;\">Pole Flow<\/span><\/h3>\n<p class=\"kt-blocks-info-box-text\"><span style=\"color: #383f47;\">Travaillez avec la barre comme si elle \u00e9tait un vrai partenaire de danse. Musicalit\u00e9, fluidit\u00e9 et l\u00e2ch\u00e9 prise\u2026<\/span><br \/>\n<span style=\"color: #383f47;\">Faites-vous confiance !<\/span><\/p>\n<p>[\/vc_column_text][\/vc_column_inner][vc_column_inner width=\u00a0\u00bb1\/3&Prime;][vc_icon type=\u00a0\u00bbtypicons\u00a0\u00bb icon_typicons=\u00a0\u00bbtypcn typcn-heart-full-outline\u00a0\u00bb color=\u00a0\u00bbcustom\u00a0\u00bb align=\u00a0\u00bbcenter\u00a0\u00bb custom_color=\u00a0\u00bb#ecd4bd\u00a0\u00bb][vc_column_text]<\/p>\n<h3 class=\"kt-blocks-info-box-title\" style=\"text-align: center;\"><span style=\"color: #cb977f;\">Pole Exotic<\/span><\/h3>\n<p class=\"kt-blocks-info-box-text\"><span style=\"color: #383f47;\">Apprenez une chor\u00e9graphie alliant \u00e9quilibre, fluidit\u00e9 et jeux de jambes, dans un style sexy et sensuel.<\/span><br \/>\n<span style=\"color: #383f47;\">Les talons ne sont pas obligatoires, l\u2019essentiel est que vous vous sentiez \u00e0 l\u2019aise !<\/span><\/p>\n<p>[\/vc_column_text][\/vc_column_inner][vc_column_inner width=\u00a0\u00bb1\/3&Prime;][vc_icon type=\u00a0\u00bbmaterial\u00a0\u00bb icon_material=\u00a0\u00bbvc-material vc-material-spa\u00a0\u00bb color=\u00a0\u00bbcustom\u00a0\u00bb align=\u00a0\u00bbcenter\u00a0\u00bb custom_color=\u00a0\u00bb#ecd4bd\u00a0\u00bb][vc_column_text]<\/p>\n<h3 class=\"kt-blocks-info-box-title\" style=\"text-align: center;\"><span style=\"color: #cb977f;\">Flexibility<\/span><\/h3>\n<p class=\"kt-blocks-info-box-text\"><span style=\"color: #383f47;\">Cours d\u00e9di\u00e9 \u00e0 l\u2019assouplissement du corps.<\/span><br \/>\n<span style=\"color: #383f47;\">Possibilit\u00e9 de travailler sp\u00e9cifiquement sur une th\u00e9matique (\u00e9cart facial, \u00e9cart lat\u00e9ral ou dos) ou de proposer un cours de souplesse corps complet.<\/span><\/p>\n<p>[\/vc_column_text][\/vc_column_inner][\/vc_row_inner][\/vc_column][\/vc_row][vc_row css=\u00a0\u00bb.vc_custom_1730021470131{margin-top: 15px !important;}\u00a0\u00bb][vc_column][vc_column_text]<\/p>\n<h2 class=\"kt-adv-heading2333_f1fe90-a2 wp-block-kadence-advancedheading has-theme-palette-1-color has-text-color\" style=\"text-align: center;\" data-kb-block=\"kb-adv-heading2333_f1fe90-a2\"><span style=\"color: #9e8185;\">Tarifs<\/span><\/h2>\n<p>[\/vc_column_text][vc_row_inner][vc_column_inner width=\u00a0\u00bb1\/2&Prime;][vc_icon icon_fontawesome=\u00a0\u00bbfas fa-paper-plane\u00a0\u00bb color=\u00a0\u00bbcustom\u00a0\u00bb align=\u00a0\u00bbcenter\u00a0\u00bb custom_color=\u00a0\u00bb#968cbe\u00a0\u00bb][vc_column_text]<\/p>\n<h3 class=\"kt-blocks-info-box-title\" style=\"text-align: center;\" data-ninja-font=\"josefinsans_semibold_normal_sm9zz\"><span style=\"color: #968cbe;\">Formule 6 heures<\/span><\/h3>\n<p class=\"p1\" style=\"text-align: center;\"><span class=\"s1\" style=\"color: #383f47;\">300\u20ac \/ personne pour 2 pax<br \/>\n240\u20ac \/ personne pour 3\/4 pax<br \/>\n210\u20ac \/ personne pour 5 pax<br \/>\n180\u20ac \/ personne pour 6\/8 pax<br \/>\n120\u20ac \/ personne pour 9\/10 pax<\/span><\/p>\n<p>[\/vc_column_text][\/vc_column_inner][vc_column_inner width=\u00a0\u00bb1\/2&Prime;][vc_icon icon_fontawesome=\u00a0\u00bbfas fa-space-shuttle\u00a0\u00bb color=\u00a0\u00bbcustom\u00a0\u00bb align=\u00a0\u00bbcenter\u00a0\u00bb custom_color=\u00a0\u00bb#cb977f\u00a0\u00bb][vc_column_text]<\/p>\n<h3 class=\"kt-blocks-info-box-title\" style=\"text-align: center;\"><span style=\"color: #cb977f;\">Formule 8 heures<\/span><\/h3>\n<div class=\"kb-row-layout-wrap kb-row-layout-id2333_d5fb12-a6 alignfull has-theme-palette8-background-color kt-row-has-bg kb-divider-static wp-block-kadence-rowlayout\">\n<div class=\"kt-row-column-wrap kt-has-1-columns kt-row-layout-equal kt-tab-layout-inherit kt-mobile-layout-row kt-row-valign-top kb-theme-content-width\">\n<div class=\"wp-block-kadence-column kadence-column2333_fb15f4-cc\">\n<div class=\"kt-inside-inner-col\">\n<div class=\"kb-row-layout-wrap kb-row-layout-id2333_24979d-a4 alignnone wp-block-kadence-rowlayout\">\n<div class=\"kt-row-column-wrap kt-has-2-columns kt-row-layout-equal kt-tab-layout-inherit kt-mobile-layout-row kt-row-valign-top\">\n<div class=\"wp-block-kadence-column kadence-column2333_6f8fd5-49\">\n<div class=\"kt-inside-inner-col\">\n<div class=\"wp-block-kadence-infobox kt-info-box2333_bc5475-dc\">\n<div class=\"kt-blocks-info-box-link-wrap kt-blocks-info-box-media-align-top kt-info-halign-center\">\n<div class=\"kt-infobox-textcontent\">\n<p class=\"p2\" style=\"text-align: center;\"><span class=\"s1\" style=\"color: #383f47;\">380\u20ac \/ personne pour 2 pax<br \/>\n360\u20ac \/ personne pour 3\/4 pax<br \/>\n280\u20ac \/ personne pour 5 pax<br \/>\n240\u20ac \/ personne pour 6\/8 pax<br \/>\n150\u20ac \/ personne pour 9\/10 pax<\/span><\/p>\n<\/div>\n<\/div>\n<\/div>\n<\/div>\n<\/div>\n<\/div>\n<\/div>\n<\/div>\n<\/div>\n<\/div>\n<\/div>\n<p>[\/vc_column_text][\/vc_column_inner][\/vc_row_inner][\/vc_column][\/vc_row]<\/p>\n","protected":false},"excerpt":{"rendered":"<p>[vc_row css=\u00a0\u00bb.vc_custom_1729958779774{margin-top: 15px !important;}\u00a0\u00bb][vc_column][vc_column_text] &nbsp;Cr\u00e9er votre stage parfait [\/vc_column_text][\/vc_column][\/vc_row][vc_row css=\u00a0\u00bb.vc_custom_1729958772115{margin-top: 30px !important;}\u00a0\u00bb][vc_column width=\u00a0\u00bb1\/4&Prime;][vc_single_image image=\u00a0\u00bb3627&Prime; img_size=\u00a0\u00bbmedium\u00a0\u00bb][\/vc_column][vc_column width=\u00a0\u00bb3\/4&Prime;][vc_column_text] D\u00e9couvrez nos stages sur mesure Vous souhaitez organiser un stage et vous souhaitez mixer plusieurs disciplines ou bien vous concentrez sur une seule ? [&hellip;]<\/p>\n","protected":false},"author":1,"featured_media":0,"parent":0,"menu_order":0,"comment_status":"closed","ping_status":"closed","template":"","meta":{"footnotes":""},"class_list":["post-3625","page","type-page","status-publish","hentry"],"_links":{"self":[{"href":"https:\/\/poledancebeziers.com\/index.php\/wp-json\/wp\/v2\/pages\/3625","targetHints":{"allow":["GET"]}}],"collection":[{"href":"https:\/\/poledancebeziers.com\/index.php\/wp-json\/wp\/v2\/pages"}],"about":[{"href":"https:\/\/poledancebeziers.com\/index.php\/wp-json\/wp\/v2\/types\/page"}],"author":[{"embeddable":true,"href":"https:\/\/poledancebeziers.com\/index.php\/wp-json\/wp\/v2\/users\/1"}],"replies":[{"embeddable":true,"href":"https:\/\/poledancebeziers.com\/index.php\/wp-json\/wp\/v2\/comments?post=3625"}],"version-history":[{"count":28,"href":"https:\/\/poledancebeziers.com\/index.php\/wp-json\/wp\/v2\/pages\/3625\/revisions"}],"predecessor-version":[{"id":3887,"href":"https:\/\/poledancebeziers.com\/index.php\/wp-json\/wp\/v2\/pages\/3625\/revisions\/3887"}],"wp:attachment":[{"href":"https:\/\/poledancebeziers.com\/index.php\/wp-json\/wp\/v2\/media?parent=3625"}],"curies":[{"name":"wp","href":"https:\/\/api.w.org\/{rel}","templated":true}]}}