{"id":3516,"date":"2024-10-23T21:09:46","date_gmt":"2024-10-23T19:09:46","guid":{"rendered":"https:\/\/poledancebeziers.com\/?page_id=3516"},"modified":"2025-02-16T17:14:19","modified_gmt":"2025-02-16T16:14:19","slug":"cours","status":"publish","type":"page","link":"https:\/\/poledancebeziers.com\/index.php\/cours\/","title":{"rendered":"Cours"},"content":{"rendered":"<p>[vc_row][vc_column][vc_column_text]<\/p>\n<h1><span style=\"color: #383f47;\"><span style=\"color: #cb977f;\">Les cours<\/span><br \/>\n<\/span><\/h1>\n<p>[\/vc_column_text][\/vc_column][\/vc_row][vc_row full_width=\u00a0\u00bbstretch_row\u00a0\u00bb css=\u00a0\u00bb.vc_custom_1728848573671{padding-bottom: 30px !important;}\u00a0\u00bb][vc_column width=\u00a0\u00bb1\/4&Prime; css=\u00a0\u00bb.vc_custom_1695617447631{margin-top: 10px !important;margin-bottom: 10px !important;}\u00a0\u00bb][vc_single_image image=\u00a0\u00bb3533&Prime; img_size=\u00a0\u00bbmedium\u00a0\u00bb][\/vc_column][vc_column width=\u00a0\u00bb3\/4&Prime; css=\u00a0\u00bb.vc_custom_1695617554279{margin-bottom: 10px !important;}\u00a0\u00bb][vc_column_text]<\/p>\n<h3><span style=\"color: #968cbe;\">Pole Dance<\/span><\/h3>\n<p>[\/vc_column_text][vc_column_text]<span style=\"color: #383f47;\">Sport, apportant gr\u00e2ce et \u00e9l\u00e9gance, la Pole Dance une discipline \u00e0 la fois ludique, grisante et addictive. Elle se pratique autour d\u2019une barre verticale (la Pole), toujours en privil\u00e9giant l\u2019esth\u00e9tique associ\u00e9e \u00e0 la force. Alternant tricks (figures) et combos (enchainement de figures) en static (barre fixe) ou spinning (barre qui tourne sur elle-m\u00eame).<\/span><\/p>\n<p><span style=\"color: #383f47;\">La Pole Dance est l\u2019association de la gymnastique et de la danse. En apesanteur, am\u00e9liorez-vous, trouvez, retrouvez ou tout simplement gardez confiance en vous\u00a0!<\/span><\/p>\n<p><span style=\"color: #383f47;\">Tout en d\u00e9veloppant vos capacit\u00e9s physiques, la Pole Dance vous apportera f\u00e9minit\u00e9 et aisance.\u00a0 Sport au f\u00e9minin, la Pole Dance se conjugue de en plus en plus au masculin apportant et ouvrant de nouvelles perspectives \u00e0 la discipline.<\/span><\/p>\n<p><span style=\"color: #383f47;\">Envie d&rsquo;essayer ? Alors c&rsquo;est le moment de se lancer :\u00a0 <a href=\"https:\/\/backoffice.bsport.io\/login\/customer?next=%2Fcheckout%2F2703%2Foffer-booker%2F18710030%3Fmembership%3D2703%26context%3Dwidget%26widgetType%3Dcalendar%26parentElementId%3Dbsport-widget-173017%253F%26open_at%3D1728848495299%26membership%3D2703&amp;membership=2703\">je r\u00e9serve mon cours d&rsquo;essai \u00e0 10\u20ac<\/a> en ligne ou au <strong>06 14 66 51 58<\/strong> et je pr\u00e9pare mon sac !<\/span>[\/vc_column_text][\/vc_column][\/vc_row][vc_row full_width=\u00a0\u00bbstretch_row\u00a0\u00bb css=\u00a0\u00bb.vc_custom_1729286540294{padding-bottom: 30px !important;}\u00a0\u00bb][vc_column width=\u00a0\u00bb1\/4&Prime; css=\u00a0\u00bb.vc_custom_1695617447631{margin-top: 10px !important;margin-bottom: 10px !important;}\u00a0\u00bb][vc_single_image image=\u00a0\u00bb5139&Prime; img_size=\u00a0\u00bbmedium\u00a0\u00bb][\/vc_column][vc_column width=\u00a0\u00bb3\/4&Prime; css=\u00a0\u00bb.vc_custom_1695617554279{margin-bottom: 10px !important;}\u00a0\u00bb][vc_column_text]<\/p>\n<h3><span style=\"color: #968cbe;\">Pole Exotic<\/span><\/h3>\n<p>[\/vc_column_text][vc_column_text]<span style=\"color: #383f47;\">Le cours de Pole Exotic est le retour \u00e0 l&rsquo;essence de la Pole Dance, talons (tr\u00e8s) hauts et sensualit\u00e9. <\/span><\/p>\n<p><span style=\"color: #383f47;\">C&rsquo;est un cours autant cardio que physique, les chaussures et leurs plateformes pesant pas moins de 1,5 kilos qu&rsquo;il faut soulever \u00e0 bout de jambes sans oublier d&rsquo;\u00eatre en rythme et exotique ! <\/span><\/p>\n<p><span style=\"color: #383f47;\">Port\u00e9 par Manon et son \u00e9nergie, vous apprendrez toutes les techniques pour danser en \u00ab\u00a0plateform shoes\u00a0\u00bb tout en vous musclant et vous amusant. <\/span><\/p>\n<p><span style=\"color: #383f47;\">Envie d&rsquo;essayer ? Alors c&rsquo;est le moment de se lancer :\u00a0 je r\u00e9serve <a style=\"color: #383f47;\" href=\"https:\/\/clients.mindbodyonline.com\/ASP\/su1.asp?studioid=5720860&amp;tg=&amp;vt=&amp;lvl=&amp;stype=&amp;view=&amp;trn=0&amp;page=&amp;catid=&amp;prodid=&amp;date=9%2f24%2f2023&amp;classid=0&amp;prodGroupId=&amp;sSU=&amp;optForwardingLink=&amp;qParam=&amp;justloggedin=&amp;nLgIn=&amp;pMode=0&amp;loc=1\">mon cours d&rsquo;essai \u00e0 10\u20ac<\/a> en ligne ou au <strong>06 14 66 51 58<\/strong> et je pr\u00e9pare mon sac !<\/span>[\/vc_column_text][\/vc_column][\/vc_row][vc_row full_width=\u00a0\u00bbstretch_row\u00a0\u00bb css=\u00a0\u00bb.vc_custom_1729286550065{padding-bottom: 30px !important;}\u00a0\u00bb][vc_column width=\u00a0\u00bb1\/4&Prime; css=\u00a0\u00bb.vc_custom_1695617447631{margin-top: 10px !important;margin-bottom: 10px !important;}\u00a0\u00bb][vc_single_image image=\u00a0\u00bb3537&Prime; img_size=\u00a0\u00bbmedium\u00a0\u00bb][\/vc_column][vc_column width=\u00a0\u00bb3\/4&Prime; css=\u00a0\u00bb.vc_custom_1695617554279{margin-bottom: 10px !important;}\u00a0\u00bb][vc_column_text]<\/p>\n<h3><span style=\"color: #968cbe;\">Pole Chor\u00e9<\/span><\/h3>\n<p>[\/vc_column_text][vc_column_text]<span style=\"color: #383f47;\">Dans ce cours, venez explorer votre musicalit\u00e9 et votre cardio ! Ce cours \u00e0 partir du niveau d\u00e9butant 2 est ouvert \u00e0 tous et \u00e0 toutes. <\/span><\/p>\n<p><span style=\"color: #383f47;\">A travers diff\u00e9rentes chor\u00e9graphies propos\u00e9es tout au long de l&rsquo;ann\u00e9e, travaillez votre fluidit\u00e9, en combinant autant travail au sol que sur la barre !<\/span><\/p>\n<p><span style=\"color: #383f47;\">Envie d&rsquo;essayer ? Alors c&rsquo;est le moment de se lancer :\u00a0 je r\u00e9serve <a style=\"color: #383f47;\" href=\"https:\/\/clients.mindbodyonline.com\/ASP\/su1.asp?studioid=5720860&amp;tg=&amp;vt=&amp;lvl=&amp;stype=&amp;view=&amp;trn=0&amp;page=&amp;catid=&amp;prodid=&amp;date=9%2f24%2f2023&amp;classid=0&amp;prodGroupId=&amp;sSU=&amp;optForwardingLink=&amp;qParam=&amp;justloggedin=&amp;nLgIn=&amp;pMode=0&amp;loc=1\">mon cours d&rsquo;essai \u00e0 10\u20ac<\/a> en ligne ou au <strong>06 14 66 51 58<\/strong> et je pr\u00e9pare mon sac !<\/span>[\/vc_column_text][\/vc_column][\/vc_row][vc_row full_width=\u00a0\u00bbstretch_row\u00a0\u00bb css=\u00a0\u00bb.vc_custom_1729286561144{padding-bottom: 30px !important;}\u00a0\u00bb][vc_column width=\u00a0\u00bb1\/4&Prime; css=\u00a0\u00bb.vc_custom_1695617447631{margin-top: 10px !important;margin-bottom: 10px !important;}\u00a0\u00bb][vc_single_image image=\u00a0\u00bb3506&Prime; img_size=\u00a0\u00bbmedium\u00a0\u00bb][\/vc_column][vc_column width=\u00a0\u00bb3\/4&Prime; css=\u00a0\u00bb.vc_custom_1695617554279{margin-bottom: 10px !important;}\u00a0\u00bb][vc_column_text]<\/p>\n<h3><span style=\"color: #f6f2ef;\"><span style=\"color: #968cbe;\">Atelier Souplesse<\/span><br \/>\n<\/span><\/h3>\n<p>[\/vc_column_text][vc_column_text]<span style=\"color: #383f47;\">Laissez tomber les \u00e0 priori sur votre souplesse ! Guid\u00e9 par Elisa, venez d\u00e9couvrir les tr\u00e9sors de flexibilit\u00e9 de votre corps. Travail au sol, avec ou sans l&rsquo;appui de la barre, vous verrez votre \u00e9volution tout au long de l&rsquo;ann\u00e9e. <\/span><\/p>\n<p><span style=\"color: #383f47;\">Compl\u00e9mentaire avec le travail effectu\u00e9 sur la barre, ce cours peut aussi \u00eatre suivi si vous avez choisi une autre discipline au sein de l&rsquo;atelier.\u00a0 <\/span><\/p>\n<p><span style=\"color: #383f47;\">Envie d&rsquo;essayer ? Alors c&rsquo;est le moment de se lancer :\u00a0 je r\u00e9serve <a style=\"color: #383f47;\" href=\"https:\/\/clients.mindbodyonline.com\/ASP\/su1.asp?studioid=5720860&amp;tg=&amp;vt=&amp;lvl=&amp;stype=&amp;view=&amp;trn=0&amp;page=&amp;catid=&amp;prodid=&amp;date=9%2f24%2f2023&amp;classid=0&amp;prodGroupId=&amp;sSU=&amp;optForwardingLink=&amp;qParam=&amp;justloggedin=&amp;nLgIn=&amp;pMode=0&amp;loc=1\">mon cours d&rsquo;essai \u00e0 10\u20ac<\/a> en ligne ou au <strong>06 14 66 51 58<\/strong> et je pr\u00e9pare mon sac !<\/span>[\/vc_column_text][\/vc_column][\/vc_row][vc_row full_width=\u00a0\u00bbstretch_row\u00a0\u00bb css=\u00a0\u00bb.vc_custom_1729286569760{padding-bottom: 30px !important;}\u00a0\u00bb][vc_column width=\u00a0\u00bb1\/4&Prime; css=\u00a0\u00bb.vc_custom_1695617447631{margin-top: 10px !important;margin-bottom: 10px !important;}\u00a0\u00bb][vc_single_image image=\u00a0\u00bb3507&Prime; img_size=\u00a0\u00bbmedium\u00a0\u00bb][\/vc_column][vc_column width=\u00a0\u00bb3\/4&Prime; css=\u00a0\u00bb.vc_custom_1695617554279{margin-bottom: 10px !important;}\u00a0\u00bb][vc_column_text]<\/p>\n<h3><span style=\"color: #968cbe;\">Pole Elite<\/span><\/h3>\n<p>[\/vc_column_text][vc_column_text]<span style=\"color: #383f47;\">Avanc\u00e9 ou pro ? Le Pole Elite est un cours qui a \u00e9t\u00e9 sp\u00e9cialement con\u00e7u et pens\u00e9 pour vous !<\/span><br \/>\n<span style=\"color: #383f47;\">Coach\u00e9 par notre championne Marie, vous allez repousser vos limites et vous challenger. <\/span><\/p>\n<p><span style=\"color: #383f47;\">Venez relever le d\u00e9fi et apprenez-en toujours plus sur la Pole Dance et vous m\u00eame.<\/span><\/p>\n<p><span style=\"color: #383f47;\">Envie d&rsquo;essayer ? Alors c&rsquo;est le moment de se lancer :\u00a0 je r\u00e9serve <a style=\"color: #383f47;\" href=\"https:\/\/clients.mindbodyonline.com\/ASP\/su1.asp?studioid=5720860&amp;tg=&amp;vt=&amp;lvl=&amp;stype=&amp;view=&amp;trn=0&amp;page=&amp;catid=&amp;prodid=&amp;date=9%2f24%2f2023&amp;classid=0&amp;prodGroupId=&amp;sSU=&amp;optForwardingLink=&amp;qParam=&amp;justloggedin=&amp;nLgIn=&amp;pMode=0&amp;loc=1\">mon cours d&rsquo;essai \u00e0 10\u20ac<\/a> en ligne ou au <strong>06 14 66 51 58<\/strong> et je pr\u00e9pare mon sac !<\/span>[\/vc_column_text][\/vc_column][\/vc_row][vc_row full_width=\u00a0\u00bbstretch_row\u00a0\u00bb css=\u00a0\u00bb.vc_custom_1729286579109{padding-bottom: 30px !important;}\u00a0\u00bb][vc_column width=\u00a0\u00bb1\/4&Prime; css=\u00a0\u00bb.vc_custom_1695617447631{margin-top: 10px !important;margin-bottom: 10px !important;}\u00a0\u00bb][vc_single_image image=\u00a0\u00bb3536&Prime; img_size=\u00a0\u00bbmedium\u00a0\u00bb][\/vc_column][vc_column width=\u00a0\u00bb3\/4&Prime; css=\u00a0\u00bb.vc_custom_1695617554279{margin-bottom: 10px !important;}\u00a0\u00bb][vc_column_text]<\/p>\n<h3><span style=\"color: #f6f2ef;\"><span style=\"color: #968cbe;\">Cerceau a\u00e9rien<\/span><br \/>\n<\/span><\/h3>\n<p>[\/vc_column_text][vc_column_text]<span style=\"color: #383f47;\">Discipline h\u00e9rit\u00e9e du cirque, elle est aujourd&rsquo;hui souvent associ\u00e9e \u00e0 d&rsquo;autres disciplines a\u00e9riennes telle que la Pole Dance et s&rsquo;adresse \u00e0 tous et \u00e0 toutes. <\/span><\/p>\n<p><span style=\"color: #383f47;\">Contrairement \u00e0 la Pole Dance, le cerceau se pratique avec legging et t-shirt afin de prot\u00e9ger la peau du frottement du cerceau. <\/span><\/p>\n<p><span style=\"color: #383f47;\">Emmen\u00e9 par St\u00e9phanie, vous d\u00e9couvrirez de nouvelles sensations associant voltige, force et souplesse.\u00a0 <\/span><\/p>\n<p><span style=\"color: #383f47;\">Envie d&rsquo;essayer ? Alors c&rsquo;est le moment de se lancer :\u00a0 je r\u00e9serve <a style=\"color: #383f47;\" href=\"https:\/\/clients.mindbodyonline.com\/ASP\/su1.asp?studioid=5720860&amp;tg=&amp;vt=&amp;lvl=&amp;stype=&amp;view=&amp;trn=0&amp;page=&amp;catid=&amp;prodid=&amp;date=9%2f24%2f2023&amp;classid=0&amp;prodGroupId=&amp;sSU=&amp;optForwardingLink=&amp;qParam=&amp;justloggedin=&amp;nLgIn=&amp;pMode=0&amp;loc=1\">mon cours d&rsquo;essai \u00e0 10\u20ac<\/a> en ligne ou au <strong>06 14 66 51 58<\/strong> et je pr\u00e9pare mon sac !<\/span>[\/vc_column_text][\/vc_column][\/vc_row][vc_row full_width=\u00a0\u00bbstretch_row\u00a0\u00bb css=\u00a0\u00bb.vc_custom_1729286587852{padding-bottom: 30px !important;}\u00a0\u00bb][vc_column width=\u00a0\u00bb1\/4&Prime; css=\u00a0\u00bb.vc_custom_1695617447631{margin-top: 10px !important;margin-bottom: 10px !important;}\u00a0\u00bb][vc_single_image image=\u00a0\u00bb3514&Prime; img_size=\u00a0\u00bbmedium\u00a0\u00bb][\/vc_column][vc_column width=\u00a0\u00bb3\/4&Prime; css=\u00a0\u00bb.vc_custom_1695617554279{margin-bottom: 10px !important;}\u00a0\u00bb][vc_column_text]<\/p>\n<h3><span style=\"color: #f6f2ef;\"><span style=\"color: #968cbe;\">Hamac<\/span><br \/>\n<\/span><\/h3>\n<p>[\/vc_column_text][vc_column_text]<span style=\"color: #383f47;\">Le hamac se pratique sur un agr\u00e8s fait de tissu accroch\u00e9 au plafond. Enfant et adulte pourront s&rsquo;y adonner, le hamac se conjugue \u00e0 tous les \u00e2ges.<\/span><\/p>\n<p><span style=\"color: #383f47;\">Accompagn\u00e9 par St\u00e9phanie, vous apprendrez \u00e0 vous hissez sur le hamac tout en d\u00e9veloppant votre force et votre coordination. Attention discipline addictive !<\/span><\/p>\n<p><span style=\"color: #383f47;\">Envie d&rsquo;essayer ? Alors c&rsquo;est le moment de se lancer :\u00a0 je r\u00e9serve <a style=\"color: #383f47;\" href=\"https:\/\/clients.mindbodyonline.com\/ASP\/su1.asp?studioid=5720860&amp;tg=&amp;vt=&amp;lvl=&amp;stype=&amp;view=&amp;trn=0&amp;page=&amp;catid=&amp;prodid=&amp;date=9%2f24%2f2023&amp;classid=0&amp;prodGroupId=&amp;sSU=&amp;optForwardingLink=&amp;qParam=&amp;justloggedin=&amp;nLgIn=&amp;pMode=0&amp;loc=1\">mon cours d&rsquo;essai \u00e0 10\u20ac<\/a> en ligne ou au <strong>06 14 66 51 58<\/strong> et je pr\u00e9pare mon sac !<\/span>[\/vc_column_text][\/vc_column][\/vc_row]<\/p>\n","protected":false},"excerpt":{"rendered":"<p>[vc_row][vc_column][vc_column_text] Les cours [\/vc_column_text][\/vc_column][\/vc_row][vc_row full_width=\u00a0\u00bbstretch_row\u00a0\u00bb css=\u00a0\u00bb.vc_custom_1728848573671{padding-bottom: 30px !important;}\u00a0\u00bb][vc_column width=\u00a0\u00bb1\/4&Prime; css=\u00a0\u00bb.vc_custom_1695617447631{margin-top: 10px !important;margin-bottom: 10px !important;}\u00a0\u00bb][vc_single_image image=\u00a0\u00bb3533&Prime; img_size=\u00a0\u00bbmedium\u00a0\u00bb][\/vc_column][vc_column width=\u00a0\u00bb3\/4&Prime; css=\u00a0\u00bb.vc_custom_1695617554279{margin-bottom: 10px !important;}\u00a0\u00bb][vc_column_text] Pole Dance [\/vc_column_text][vc_column_text]Sport, apportant gr\u00e2ce et \u00e9l\u00e9gance, la Pole Dance une discipline \u00e0 la fois ludique, grisante et addictive. Elle [&hellip;]<\/p>\n","protected":false},"author":1,"featured_media":0,"parent":0,"menu_order":0,"comment_status":"closed","ping_status":"closed","template":"","meta":{"footnotes":""},"class_list":["post-3516","page","type-page","status-publish","hentry"],"_links":{"self":[{"href":"https:\/\/poledancebeziers.com\/index.php\/wp-json\/wp\/v2\/pages\/3516","targetHints":{"allow":["GET"]}}],"collection":[{"href":"https:\/\/poledancebeziers.com\/index.php\/wp-json\/wp\/v2\/pages"}],"about":[{"href":"https:\/\/poledancebeziers.com\/index.php\/wp-json\/wp\/v2\/types\/page"}],"author":[{"embeddable":true,"href":"https:\/\/poledancebeziers.com\/index.php\/wp-json\/wp\/v2\/users\/1"}],"replies":[{"embeddable":true,"href":"https:\/\/poledancebeziers.com\/index.php\/wp-json\/wp\/v2\/comments?post=3516"}],"version-history":[{"count":7,"href":"https:\/\/poledancebeziers.com\/index.php\/wp-json\/wp\/v2\/pages\/3516\/revisions"}],"predecessor-version":[{"id":3534,"href":"https:\/\/poledancebeziers.com\/index.php\/wp-json\/wp\/v2\/pages\/3516\/revisions\/3534"}],"wp:attachment":[{"href":"https:\/\/poledancebeziers.com\/index.php\/wp-json\/wp\/v2\/media?parent=3516"}],"curies":[{"name":"wp","href":"https:\/\/api.w.org\/{rel}","templated":true}]}}