{"id":3239,"date":"2023-09-21T07:44:32","date_gmt":"2023-09-21T05:44:32","guid":{"rendered":"https:\/\/poledancebeziers.com\/?page_id=3239"},"modified":"2023-09-24T21:51:16","modified_gmt":"2023-09-24T19:51:16","slug":"faq","status":"publish","type":"page","link":"https:\/\/poledancebeziers.com\/index.php\/faq\/","title":{"rendered":"FAQ"},"content":{"rendered":"<p>[vc_row][vc_column][vc_column_text]<\/p>\r\n<h1>Foire aux questions<\/h1>\r\n<p>[\/vc_column_text][\/vc_column][\/vc_row][vc_row css=\u00a0\u00bb.vc_custom_1606302358754{padding-top: 30px !important;}\u00a0\u00bb][vc_column][vc_tta_accordion color=\u00a0\u00bbwhite\u00a0\u00bb active_section=\u00a0\u00bb1&Prime;][vc_tta_section title=\u00a0\u00bbQUOI PRENDRE POUR MON PREMIER COURS DE POLE DANCE ?\u00a0\u00bb tab_id=\u00a0\u00bb1695275096906-c8a40cb9-03ff\u00a0\u00bb][vc_row_inner css=\u00a0\u00bb.vc_custom_1606302393900{padding-top: 20px !important;}\u00a0\u00bb][vc_column_inner width=\u00a0\u00bb1\/4&Prime;][vc_icon icon_fontawesome=\u00a0\u00bbfas fa-tshirt\u00a0\u00bb color=\u00a0\u00bbcustom\u00a0\u00bb size=\u00a0\u00bbxl\u00a0\u00bb align=\u00a0\u00bbcenter\u00a0\u00bb custom_color=\u00a0\u00bb#383f47&Prime;][vc_column_text]<\/p>\r\n<h3 style=\"text-align: center;\"><span style=\"color: #383f47;\"><strong>Short &amp; d\u00e9bardeur<\/strong><\/span><\/h3>\r\n<p><span style=\"color: #383f47;\"><!-- \/wp:heading --><\/span><\/p>\r\n<p><span style=\"color: #383f47;\"><!-- wp:paragraph -->Pour le cours, car plus il y a de peau en contact avec la barre, moins on glisse !<\/span><\/p>\r\n<p>[\/vc_column_text][\/vc_column_inner][vc_column_inner width=\u00a0\u00bb1\/4&Prime;][vc_icon icon_fontawesome=\u00a0\u00bbfas fa-running\u00a0\u00bb color=\u00a0\u00bbcustom\u00a0\u00bb size=\u00a0\u00bbxl\u00a0\u00bb align=\u00a0\u00bbcenter\u00a0\u00bb custom_color=\u00a0\u00bb#383f47&Prime;][vc_column_text]<\/p>\r\n<h3 style=\"text-align: center;\"><span style=\"color: #383f47;\"><strong>Leggings &amp; t-shirt<\/strong><\/span><\/h3>\r\n<p><span style=\"color: #383f47;\"><!-- wp:heading {\"level\":3} --><\/span><\/p>\r\n<p><span style=\"color: #383f47;\"><!-- \/wp:heading --><\/span><\/p>\r\n<p><span style=\"color: #000000;\"><span style=\"color: #383f47;\"><!-- wp:paragraph -->Pour l&rsquo;\u00e9chauffement, il vaut mieux \u00eatre \u00e0 l&rsquo;aise. Leggings ou jogging et d\u00e9bardeur.<\/span><br \/><\/span><\/p>\r\n<p>[\/vc_column_text][\/vc_column_inner][vc_column_inner width=\u00a0\u00bb1\/4&Prime;][vc_icon icon_fontawesome=\u00a0\u00bbfas fa-shoe-prints\u00a0\u00bb color=\u00a0\u00bbcustom\u00a0\u00bb size=\u00a0\u00bbxl\u00a0\u00bb align=\u00a0\u00bbcenter\u00a0\u00bb custom_color=\u00a0\u00bb#383f47&Prime;][vc_column_text]<\/p>\r\n<h3 style=\"text-align: center;\"><span style=\"color: #383f47;\"><strong>Pieds nus ou talons<\/strong><\/span><\/h3>\r\n<p><span style=\"color: #383f47;\"><!-- \/wp:heading --><\/span><\/p>\r\n<p><span style=\"color: #383f47;\"><!-- wp:paragraph -->A vous de voir ! Ici on pratique plut\u00f4t pieds nus.<\/span><\/p>\r\n<p>[\/vc_column_text][\/vc_column_inner][vc_column_inner width=\u00a0\u00bb1\/4&Prime;][vc_icon icon_fontawesome=\u00a0\u00bbfas fa-tint\u00a0\u00bb color=\u00a0\u00bbcustom\u00a0\u00bb size=\u00a0\u00bblg\u00a0\u00bb align=\u00a0\u00bbcenter\u00a0\u00bb custom_color=\u00a0\u00bb#383f47&Prime;][vc_column_text]<\/p>\r\n<h3 style=\"text-align: center;\"><span style=\"color: #383f47;\"><strong>Ni cr\u00e8me, ni huile<\/strong><br \/><\/span><\/h3>\r\n<p style=\"text-align: left;\"><span style=\"color: #383f47;\">C&rsquo;est gr\u00e2ce \u00e0 la peau qu&rsquo;on adh\u00e8re \u00e0 la barre !<\/span><\/p>\r\n<p>[\/vc_column_text][\/vc_column_inner][\/vc_row_inner][\/vc_tta_section][\/vc_tta_accordion][\/vc_column][\/vc_row]<\/p>","protected":false},"excerpt":{"rendered":"<p>[vc_row][vc_column][vc_column_text] Foire aux questions [\/vc_column_text][\/vc_column][\/vc_row][vc_row css=\u00a0\u00bb.vc_custom_1606302358754{padding-top: 30px !important;}\u00a0\u00bb][vc_column][vc_tta_accordion color=\u00a0\u00bbwhite\u00a0\u00bb active_section=\u00a0\u00bb1&Prime;][vc_tta_section title=\u00a0\u00bbQUOI PRENDRE POUR MON PREMIER COURS DE POLE DANCE ?\u00a0\u00bb tab_id=\u00a0\u00bb1695275096906-c8a40cb9-03ff\u00a0\u00bb][vc_row_inner css=\u00a0\u00bb.vc_custom_1606302393900{padding-top: 20px !important;}\u00a0\u00bb][vc_column_inner width=\u00a0\u00bb1\/4&Prime;][vc_icon icon_fontawesome=\u00a0\u00bbfas fa-tshirt\u00a0\u00bb color=\u00a0\u00bbcustom\u00a0\u00bb size=\u00a0\u00bbxl\u00a0\u00bb align=\u00a0\u00bbcenter\u00a0\u00bb custom_color=\u00a0\u00bb#383f47&Prime;][vc_column_text] Short &amp; d\u00e9bardeur Pour le cours, car plus il [&hellip;]<\/p>\n","protected":false},"author":1,"featured_media":0,"parent":0,"menu_order":0,"comment_status":"closed","ping_status":"closed","template":"","meta":{"footnotes":""},"class_list":["post-3239","page","type-page","status-publish","hentry"],"_links":{"self":[{"href":"https:\/\/poledancebeziers.com\/index.php\/wp-json\/wp\/v2\/pages\/3239","targetHints":{"allow":["GET"]}}],"collection":[{"href":"https:\/\/poledancebeziers.com\/index.php\/wp-json\/wp\/v2\/pages"}],"about":[{"href":"https:\/\/poledancebeziers.com\/index.php\/wp-json\/wp\/v2\/types\/page"}],"author":[{"embeddable":true,"href":"https:\/\/poledancebeziers.com\/index.php\/wp-json\/wp\/v2\/users\/1"}],"replies":[{"embeddable":true,"href":"https:\/\/poledancebeziers.com\/index.php\/wp-json\/wp\/v2\/comments?post=3239"}],"version-history":[{"count":6,"href":"https:\/\/poledancebeziers.com\/index.php\/wp-json\/wp\/v2\/pages\/3239\/revisions"}],"predecessor-version":[{"id":3295,"href":"https:\/\/poledancebeziers.com\/index.php\/wp-json\/wp\/v2\/pages\/3239\/revisions\/3295"}],"wp:attachment":[{"href":"https:\/\/poledancebeziers.com\/index.php\/wp-json\/wp\/v2\/media?parent=3239"}],"curies":[{"name":"wp","href":"https:\/\/api.w.org\/{rel}","templated":true}]}}