{"id":2596,"date":"2020-11-13T16:49:50","date_gmt":"2020-11-13T15:49:50","guid":{"rendered":"https:\/\/poledancebeziers.com\/?page_id=2596"},"modified":"2024-11-11T22:26:44","modified_gmt":"2024-11-11T21:26:44","slug":"evjf-evjg","status":"publish","type":"page","link":"https:\/\/poledancebeziers.com\/index.php\/evjf-evjg\/","title":{"rendered":"EVJF &#038; Privatisation"},"content":{"rendered":"<p>[vc_row][vc_column][vc_column_text]<\/p>\n<h1><span style=\"color: #cb977f;\">EVJF\/EVJG &amp; PRIVATISATION<\/span><\/h1>\n<p>[\/vc_column_text][\/vc_column][\/vc_row][vc_row css=\u00a0\u00bb.vc_custom_1606315747895{padding-top: 20px !important;}\u00a0\u00bb][vc_column width=\u00a0\u00bb1\/2&Prime;][vc_column_text]<span style=\"color: #000000;\">Vous cherchez&nbsp;<span style=\"color: #968cbe;\"><strong>une id\u00e9e originale pour un Enterrement de Vie de Jeune Fille ou de Gar\u00e7on<\/strong>&nbsp;<strong>? <\/strong><\/span><\/span><span style=\"color: #000000;\">Un anniversaire ? <\/span><span style=\"color: #000000;\">Un d\u00e9part \u00e0 la retraite ? <\/span><span style=\"color: #000000;\">Ou tout simplement pour un moment entre ami(e)s ?<\/span><\/p>\n<p><span style=\"color: #000000;\">L\u2019Atelier de Manon vous propose une prestation originale et sur mesure pour un maximum de fun entre ami(e)s !<\/span><br \/>\n<span style=\"color: #000000;\">Apprenez, dans une ambiance conviviale et chaleureuse, une chor\u00e9graphie de Pole Dance accessible \u00e0 tous sur un cr\u00e9neau enti\u00e8rement privatis\u00e9 !<\/span><\/p>\n<p><span style=\"color: #000000;\">Dur\u00e9e : 1h15<\/span><\/p>\n<p><span style=\"color: #968cbe;\"><strong>Tarif :<\/strong><\/span><\/p>\n<p><span style=\"color: #968cbe;\"><strong>Minimum 5 participants : forfait de 200 \u20ac<br \/>\nEntre 6 et 7 participants : 35 \u20ac \/ personne<br \/>\nEntre 8 et 10 participants : 30 \u20ac \/ personne<br \/>\nEntre 11 et 15 participants : 25 \u20ac \/ personne<br \/>\n+ de 16 participants : 20 \u20ac \/ personne<\/strong><\/span>[\/vc_column_text][\/vc_column][vc_column width=\u00a0\u00bb1\/2&Prime;][vc_single_image image=\u00a0\u00bb3184&Prime; img_size=\u00a0\u00bb\u00a0\u00bb css=\u00a0\u00bb.vc_custom_1695269754603{margin-top: 20px !important;}\u00a0\u00bb][\/vc_column][\/vc_row]<\/p>\n","protected":false},"excerpt":{"rendered":"<p>[vc_row][vc_column][vc_column_text] EVJF\/EVJG &amp; PRIVATISATION [\/vc_column_text][\/vc_column][\/vc_row][vc_row css=\u00a0\u00bb.vc_custom_1606315747895{padding-top: 20px !important;}\u00a0\u00bb][vc_column width=\u00a0\u00bb1\/2&Prime;][vc_column_text]Vous cherchez&nbsp;une id\u00e9e originale pour un Enterrement de Vie de Jeune Fille ou de Gar\u00e7on&nbsp;? Un anniversaire ? Un d\u00e9part \u00e0 la retraite ? Ou tout simplement pour un moment entre ami(e)s [&hellip;]<\/p>\n","protected":false},"author":1,"featured_media":0,"parent":0,"menu_order":0,"comment_status":"closed","ping_status":"closed","template":"","meta":{"footnotes":""},"class_list":["post-2596","page","type-page","status-publish","hentry"],"_links":{"self":[{"href":"https:\/\/poledancebeziers.com\/index.php\/wp-json\/wp\/v2\/pages\/2596","targetHints":{"allow":["GET"]}}],"collection":[{"href":"https:\/\/poledancebeziers.com\/index.php\/wp-json\/wp\/v2\/pages"}],"about":[{"href":"https:\/\/poledancebeziers.com\/index.php\/wp-json\/wp\/v2\/types\/page"}],"author":[{"embeddable":true,"href":"https:\/\/poledancebeziers.com\/index.php\/wp-json\/wp\/v2\/users\/1"}],"replies":[{"embeddable":true,"href":"https:\/\/poledancebeziers.com\/index.php\/wp-json\/wp\/v2\/comments?post=2596"}],"version-history":[{"count":23,"href":"https:\/\/poledancebeziers.com\/index.php\/wp-json\/wp\/v2\/pages\/2596\/revisions"}],"predecessor-version":[{"id":3842,"href":"https:\/\/poledancebeziers.com\/index.php\/wp-json\/wp\/v2\/pages\/2596\/revisions\/3842"}],"wp:attachment":[{"href":"https:\/\/poledancebeziers.com\/index.php\/wp-json\/wp\/v2\/media?parent=2596"}],"curies":[{"name":"wp","href":"https:\/\/api.w.org\/{rel}","templated":true}]}}