{"id":2594,"date":"2020-11-13T16:42:46","date_gmt":"2020-11-13T15:42:46","guid":{"rendered":"https:\/\/poledancebeziers.com\/?page_id=2594"},"modified":"2025-03-24T21:15:13","modified_gmt":"2025-03-24T20:15:13","slug":"vol-en-pole-et-transe-en-danse","status":"publish","type":"page","link":"https:\/\/poledancebeziers.com\/index.php\/vol-en-pole-et-transe-en-danse\/","title":{"rendered":"Vol en Pole et Transe en Danse"},"content":{"rendered":"<p>[vc_row css=\u00a0\u00bb.vc_custom_1739778278373{padding-top: 20px !important;}\u00a0\u00bb][vc_column css=\u00a0\u00bb.vc_custom_1739779531793{padding-top: 20px !important;padding-bottom: 20px !important;}\u00a0\u00bb][vc_column_text css=\u00a0\u00bb.vc_custom_1739779676161{margin-bottom: 20px !important;}\u00a0\u00bb]<\/p>\n<h1 style=\"text-align: left;\"><span style=\"color: #ca987d;\">Vol en pole et transe en danse<\/span><\/h1>\n<p>[\/vc_column_text]\n\t\t\t<!-- START Slider vol en pole REVOLUTION SLIDER 6.2.22 --><p class=\"rs-p-wp-fix\"><\/p>\n\t\t\t<rs-module-wrap id=\"rev_slider_1_1_wrapper\" data-source=\"gallery\" style=\"background:transparent;padding:0;margin:0px auto;margin-top:0;margin-bottom:0;\">\n\t\t\t\t<rs-module id=\"rev_slider_1_1\" style=\"\" data-version=\"6.2.22\">\n\t\t\t\t\t<rs-slides>\n\t\t\t\t\t\t<rs-slide data-key=\"rs-13\" data-title=\"Slide\" data-anim=\"ei:d;eo:d;s:1000;r:0;t:fade;sl:0;\">\n\t\t\t\t\t\t\t<img decoding=\"async\" src=\"\/\/poledancebeziers.com\/wp-content\/uploads\/2025\/02\/AFTERMOVIE-VOL-en-POLE-2024-V1.1-H264_compressed.mp4\" class=\"rev-slidebg\" data-no-retina>\n\t\t\t\t\t\t\t<rs-bgvideo \n\t\t\t\t\t\t\t\tdata-video=\"vc:none;w:100%;h:100%;nse:false;sat:true;l:true;ptimer:true;\"\n\t\t\t\t\t\t\t\tdata-vimeoid=\"1057282826\"\n\t\t\t\t\t\t\t\tdata-vatr=\"background=1&amp;title=0&amp;byline=0&amp;portrait=0&amp;api=1\"\n\t\t\t\t\t\t\t><\/rs-bgvideo>\n<!---->\t\t\t\t\t\t<\/rs-slide>\n\t\t\t\t\t<\/rs-slides>\n\t\t\t\t<\/rs-module>\n\t\t\t\t<script type=\"text\/javascript\">\n\t\t\t\t\tsetREVStartSize({c: 'rev_slider_1_1',rl:[1240,1024,778,480],el:[900,768,960,720],gw:[1240,1024,778,480],gh:[900,768,960,720],type:'standard',justify:'',layout:'fullwidth',mh:\"0\"});\n\t\t\t\t\tvar\trevapi1,\n\t\t\t\t\t\ttpj;\n\t\t\t\t\tfunction revinit_revslider11() {\n\t\t\t\t\tjQuery(function() {\n\t\t\t\t\t\ttpj = jQuery;\n\t\t\t\t\t\trevapi1 = tpj(\"#rev_slider_1_1\");\n\t\t\t\t\t\tif(revapi1==undefined || revapi1.revolution == undefined){\n\t\t\t\t\t\t\trevslider_showDoubleJqueryError(\"rev_slider_1_1\");\n\t\t\t\t\t\t}else{\n\t\t\t\t\t\t\trevapi1.revolution({\n\t\t\t\t\t\t\t\tsliderLayout:\"fullwidth\",\n\t\t\t\t\t\t\t\tvisibilityLevels:\"1240,1024,778,480\",\n\t\t\t\t\t\t\t\tgridwidth:\"1240,1024,778,480\",\n\t\t\t\t\t\t\t\tgridheight:\"900,768,960,720\",\n\t\t\t\t\t\t\t\tspinner:\"spinner0\",\n\t\t\t\t\t\t\t\tperspective:600,\n\t\t\t\t\t\t\t\tperspectiveType:\"global\",\n\t\t\t\t\t\t\t\teditorheight:\"900,768,960,720\",\n\t\t\t\t\t\t\t\tresponsiveLevels:\"1240,1024,778,480\",\n\t\t\t\t\t\t\t\tprogressBar:{disableProgressBar:true},\n\t\t\t\t\t\t\t\tnavigation: {\n\t\t\t\t\t\t\t\t\tonHoverStop:false\n\t\t\t\t\t\t\t\t},\n\t\t\t\t\t\t\t\tfallbacks: {\n\t\t\t\t\t\t\t\t\tallowHTML5AutoPlayOnAndroid:true\n\t\t\t\t\t\t\t\t},\n\t\t\t\t\t\t\t});\n\t\t\t\t\t\t}\n\t\t\t\t\t\t\n\t\t\t\t\t});\n\t\t\t\t\t} \/\/ End of RevInitScript\n\t\t\t\tvar once_revslider11 = false;\n\t\t\t\tif (document.readyState === \"loading\") {document.addEventListener('readystatechange',function() { if((document.readyState === \"interactive\" || document.readyState === \"complete\") && !once_revslider11 ) { once_revslider11 = true; revinit_revslider11();}});} else {once_revslider11 = true; revinit_revslider11();}\n\t\t\t\t<\/script>\n\t\t\t<\/rs-module-wrap>\n\t\t\t<!-- END REVOLUTION SLIDER -->\n[\/vc_column][\/vc_row][vc_row][vc_column][vc_row_inner][vc_column_inner][\/vc_column_inner][\/vc_row_inner][vc_column_text]<\/p>\n<p style=\"text-align: center;\"><span style=\"color: #383f47;\"><b>Le grand retour de \u00ab\u00a0Vol en Pole &amp; Transe en Danse\u00a0\u00bb aura lieu en juillet 2026 !<\/b><\/span><\/p>\n<p><span style=\"color: #383f47;\">Vous r\u00eavez de briller sous les projecteurs et de vivre une exp\u00e9rience magique ? <\/span><\/p>\n<p><strong><span style=\"color: #383f47;\"><span class=\"s1\">\u2728<\/span> Rejoignez-nous sur sc\u00e8ne en envoyant votre candidature d\u00e8s maintenant ! <span class=\"s1\">\ud83d\udc8c<\/span><\/span><\/strong><\/p>\n<p><span style=\"color: #383f47;\">Deux options s\u2019offrent \u00e0 vous :<\/span><\/p>\n<p><span style=\"color: #383f47;\"><b>&#8211; En tant qu\u2019\u00e9l\u00e8ve<\/b> : int\u00e8grer le spectacle avec d&rsquo;autres passionn\u00e9(e)s.<\/span><\/p>\n<p><span style=\"color: #383f47;\"><b>&#8211; En tant que professionnel<\/b> : montrer votre talent au sein d\u2019un show exceptionnel. (Option r\u00e9serv\u00e9e aux groupes de minimum 5 participants).<\/span><\/p>\n<p><span style=\"color: #383f47;\"><b>D\u00e9couvre toutes les conditions de participation<\/b> et inscrivez-vous via nos formulaires en ligne.<span class=\"Apple-converted-space\"><br \/>\n<\/span><\/span><\/p>\n<p><span style=\"color: #383f47;\">En attendant ce moment, nous vous invitons \u00e0 plonger dans l&rsquo;univers de notre derni\u00e8re cr\u00e9ation gr\u00e2ce \u00e0 notre after movie !\u00a0<\/span><\/p>\n<p><span style=\"color: #383f47;\"><strong>\u2b50A tr\u00e8s bient\u00f4t sur sc\u00e8ne\ud83d\udc83\ud83c\udffc<\/strong><\/span>[\/vc_column_text][\/vc_column][\/vc_row][vc_row css=\u00a0\u00bb.vc_custom_1739778308882{padding-top: 20px !important;}\u00a0\u00bb][vc_column width=\u00a0\u00bb1\/2&Prime;][vc_btn title=\u00a0\u00bbInscription \u00e9l\u00e8ve\u00a0\u00bb color=\u00a0\u00bbviolet\u00a0\u00bb align=\u00a0\u00bbcenter\u00a0\u00bb link=\u00a0\u00bburl:https%3A%2F%2Fforms.office.com%2Fe%2FjSKkXiAgGK%3Forigin%3DlprLink%20&Prime;][\/vc_column][vc_column width=\u00a0\u00bb1\/2&Prime;][vc_btn title=\u00a0\u00bbInscription professionnel\u00a0\u00bb color=\u00a0\u00bbviolet\u00a0\u00bb align=\u00a0\u00bbcenter\u00a0\u00bb link=\u00a0\u00bburl:https%3A%2F%2Fforms.office.com%2Fe%2FkDLY4SbgLM%3Forigin%3DlprLink\u00a0\u00bb][\/vc_column][\/vc_row][vc_row][vc_column][\/vc_column][\/vc_row]<\/p>\n","protected":false},"excerpt":{"rendered":"<p>[vc_row css=\u00a0\u00bb.vc_custom_1739778278373{padding-top: 20px !important;}\u00a0\u00bb][vc_column css=\u00a0\u00bb.vc_custom_1739779531793{padding-top: 20px !important;padding-bottom: 20px !important;}\u00a0\u00bb][vc_column_text css=\u00a0\u00bb.vc_custom_1739779676161{margin-bottom: 20px !important;}\u00a0\u00bb] Vol en pole et transe en danse [\/vc_column_text][\/vc_column][\/vc_row][vc_row][vc_column][vc_row_inner][vc_column_inner][\/vc_column_inner][\/vc_row_inner][vc_column_text] Le grand retour de \u00ab\u00a0Vol en Pole &amp; Transe en Danse\u00a0\u00bb aura lieu en juillet 2026 ! Vous r\u00eavez de [&hellip;]<\/p>\n","protected":false},"author":1,"featured_media":0,"parent":0,"menu_order":0,"comment_status":"closed","ping_status":"closed","template":"","meta":{"footnotes":""},"class_list":["post-2594","page","type-page","status-publish","hentry"],"_links":{"self":[{"href":"https:\/\/poledancebeziers.com\/index.php\/wp-json\/wp\/v2\/pages\/2594","targetHints":{"allow":["GET"]}}],"collection":[{"href":"https:\/\/poledancebeziers.com\/index.php\/wp-json\/wp\/v2\/pages"}],"about":[{"href":"https:\/\/poledancebeziers.com\/index.php\/wp-json\/wp\/v2\/types\/page"}],"author":[{"embeddable":true,"href":"https:\/\/poledancebeziers.com\/index.php\/wp-json\/wp\/v2\/users\/1"}],"replies":[{"embeddable":true,"href":"https:\/\/poledancebeziers.com\/index.php\/wp-json\/wp\/v2\/comments?post=2594"}],"version-history":[{"count":38,"href":"https:\/\/poledancebeziers.com\/index.php\/wp-json\/wp\/v2\/pages\/2594\/revisions"}],"predecessor-version":[{"id":5618,"href":"https:\/\/poledancebeziers.com\/index.php\/wp-json\/wp\/v2\/pages\/2594\/revisions\/5618"}],"wp:attachment":[{"href":"https:\/\/poledancebeziers.com\/index.php\/wp-json\/wp\/v2\/media?parent=2594"}],"curies":[{"name":"wp","href":"https:\/\/api.w.org\/{rel}","templated":true}]}}