{"id":2583,"date":"2020-11-13T15:27:01","date_gmt":"2020-11-13T14:27:01","guid":{"rendered":"https:\/\/poledancebeziers.com\/?page_id=2583"},"modified":"2025-01-13T21:41:55","modified_gmt":"2025-01-13T20:41:55","slug":"carte-cadeau","status":"publish","type":"page","link":"https:\/\/poledancebeziers.com\/index.php\/carte-cadeau\/","title":{"rendered":"Carte cadeau"},"content":{"rendered":"<p>[vc_row][vc_column][vc_column_text]<\/p>\n<h1><span style=\"color: #cb977f;\">Offrez une carte cadeau<\/span><\/h1>\n<p>[\/vc_column_text][\/vc_column][\/vc_row][vc_row css=\u00a0\u00bb.vc_custom_1726170703562{margin-top: 20px !important;margin-bottom: 20px !important;}\u00a0\u00bb][vc_column][vc_single_image image=\u00a0\u00bb3883&Prime; img_size=\u00a0\u00bb\u00a0\u00bb alignment=\u00a0\u00bbcenter\u00a0\u00bb onclick=\u00a0\u00bblink_image\u00a0\u00bb][\/vc_column][\/vc_row][vc_row full_width=\u00a0\u00bbstretch_row\u00a0\u00bb][vc_column][vc_column_text css=\u00a0\u00bb.vc_custom_1731358077456{border-bottom-width: 35px !important;}\u00a0\u00bb]<span style=\"color: #222222;\">A la recherche d\u2019une id\u00e9e originale pour un de vos proches ? Pour No\u00ebl, un anniversaire, la Saint Valentin, un \u00e9v\u00e9nement particulier ou tout simplement pour faire plaisir\u2026<\/span><\/p>\n<p><span style=\"color: #222222;\">Offrez une carte cadeau ! Valable pour toutes les disciplines propos\u00e9es \u00e0 l&rsquo;atelier.<\/span><\/p>\n<p><span style=\"color: #222222;\">Pour cela, faites nous parvenir votre demande par e-mail \u00e0 <a style=\"color: #222222;\" href=\"mailto:contact@poledancebeziers.com\">contact@poledancebeziers.com<\/a>&nbsp;avec&nbsp;:<\/span><\/p>\n<p><span style=\"color: #968cbe;\"><strong>Votre nom et pr\u00e9nom<br \/>\n<\/strong><strong>Votre adresse postale<br \/>\n<\/strong><strong>Le nom et le pr\u00e9nom de la personne \u00e0 qui est adress\u00e9 le bon cadeau<br \/>\n<\/strong><strong>Votre choix sur le cadeau \u00e0 offrir<\/strong><\/span><\/p>\n<p><span style=\"color: #222222;\">Vous recevrez en retour de votre paiement votre carte cadeau (valable 6 mois). Si toutefois vous \u00eates press\u00e9s, nous pouvons aussi vous faire parvenir votre carte directement par e-mail.<\/span>[\/vc_column_text][\/vc_column][\/vc_row]<\/p>\n","protected":false},"excerpt":{"rendered":"<p>[vc_row][vc_column][vc_column_text] Offrez une carte cadeau [\/vc_column_text][\/vc_column][\/vc_row][vc_row css=\u00a0\u00bb.vc_custom_1726170703562{margin-top: 20px !important;margin-bottom: 20px !important;}\u00a0\u00bb][vc_column][vc_single_image image=\u00a0\u00bb3883&Prime; img_size=\u00a0\u00bb\u00a0\u00bb alignment=\u00a0\u00bbcenter\u00a0\u00bb onclick=\u00a0\u00bblink_image\u00a0\u00bb][\/vc_column][\/vc_row][vc_row full_width=\u00a0\u00bbstretch_row\u00a0\u00bb][vc_column][vc_column_text css=\u00a0\u00bb.vc_custom_1731358077456{border-bottom-width: 35px !important;}\u00a0\u00bb]A la recherche d\u2019une id\u00e9e originale pour un de vos proches ? Pour No\u00ebl, un anniversaire, la Saint Valentin, un \u00e9v\u00e9nement particulier [&hellip;]<\/p>\n","protected":false},"author":1,"featured_media":0,"parent":0,"menu_order":0,"comment_status":"closed","ping_status":"closed","template":"","meta":{"footnotes":""},"class_list":["post-2583","page","type-page","status-publish","hentry"],"_links":{"self":[{"href":"https:\/\/poledancebeziers.com\/index.php\/wp-json\/wp\/v2\/pages\/2583","targetHints":{"allow":["GET"]}}],"collection":[{"href":"https:\/\/poledancebeziers.com\/index.php\/wp-json\/wp\/v2\/pages"}],"about":[{"href":"https:\/\/poledancebeziers.com\/index.php\/wp-json\/wp\/v2\/types\/page"}],"author":[{"embeddable":true,"href":"https:\/\/poledancebeziers.com\/index.php\/wp-json\/wp\/v2\/users\/1"}],"replies":[{"embeddable":true,"href":"https:\/\/poledancebeziers.com\/index.php\/wp-json\/wp\/v2\/comments?post=2583"}],"version-history":[{"count":31,"href":"https:\/\/poledancebeziers.com\/index.php\/wp-json\/wp\/v2\/pages\/2583\/revisions"}],"predecessor-version":[{"id":3885,"href":"https:\/\/poledancebeziers.com\/index.php\/wp-json\/wp\/v2\/pages\/2583\/revisions\/3885"}],"wp:attachment":[{"href":"https:\/\/poledancebeziers.com\/index.php\/wp-json\/wp\/v2\/media?parent=2583"}],"curies":[{"name":"wp","href":"https:\/\/api.w.org\/{rel}","templated":true}]}}