{"id":2568,"date":"2020-11-13T15:05:47","date_gmt":"2020-11-13T14:05:47","guid":{"rendered":"https:\/\/poledancebeziers.com\/?page_id=2568"},"modified":"2025-01-13T21:34:26","modified_gmt":"2025-01-13T20:34:26","slug":"les-professeurs","status":"publish","type":"page","link":"https:\/\/poledancebeziers.com\/index.php\/les-professeurs\/","title":{"rendered":"Les professeurs"},"content":{"rendered":"<p>[vc_section][vc_row][vc_column][vc_column_text]<\/p>\n<h1><span style=\"color: #cb977f;\">Les professeurs<\/span><\/h1>\n<p>[\/vc_column_text][\/vc_column][\/vc_row][vc_row full_width=\u00a0\u00bbstretch_row\u00a0\u00bb equal_height=\u00a0\u00bbyes\u00a0\u00bb css=\u00a0\u00bb.vc_custom_1728740620842{margin-top: 10px !important;}\u00a0\u00bb][vc_column width=\u00a0\u00bb1\/2&Prime; css=\u00a0\u00bb.vc_custom_1694702540338{margin-top: 20px !important;margin-bottom: 30px !important;}\u00a0\u00bb][vc_single_image image=\u00a0\u00bb3439&Prime; img_size=\u00a0\u00bb\u00a0\u00bb][\/vc_column][vc_column width=\u00a0\u00bb1\/2&Prime;][vc_column_text]<\/p>\n<h3><span style=\"color: #968cbe;\">Manon Agard<\/span><\/h3>\n<p><span style=\"color: #f6f2ef;\">*<span style=\"color: #383f47;\"> <em>2013, 2014 &amp; 2016, Manon est \ufb01naliste de la Comp\u00e9tition Fran\u00e7aise de Pole Dance<\/em><\/span><\/span><\/p>\n<p><span style=\"color: #383f47;\"><em>* 2015, d\u00e9croche le titre de Vice\u2010Championne de France \u00e0 la comp\u00e9tition Pole Sport Cat\u00e9gorie Professionnelle.<\/em><\/span><\/p>\n<p><span style=\"color: #383f47;\">Manon, gymnaste depuis son enfance, est imm\u00e9diatement passionn\u00e9e par cette discipline, <span style=\"color: #968cbe;\"><strong>une \u00e9tonnante symbiose entre \u00e9l\u00e9gance gravitationnelle et f\u00e9minit\u00e9 athl\u00e9tique<\/strong><\/span>, qu\u2019elle d\u00e9couvre aux Etats-Unis en 2009.<\/span><\/p>\n<p><span style=\"color: #383f47;\">En 2011,&nbsp;elle cr\u00e9e Pole Dance School B\u00e9ziers devenu aujourd\u2019hui <span style=\"color: #968cbe;\"><strong>L\u2019Atelier de Manon<\/strong><\/span> et assume direction et enseignement.<\/span><\/p>\n<p><span style=\"color: #383f47;\">Elle innove en 2014 avec <span style=\"color: #968cbe;\"><strong>\u00abVol en Pole &amp; Transe en Danse\u00bb<\/strong><\/span> un show unique en France dont l\u2019engouement &nbsp;lui permet de poursuivre l\u2019aventure en 2015, 2017, 2019, 2022 &amp; 2024.<\/span><\/p>\n<p><span style=\"color: #383f47;\">Consciencieuse, pers\u00e9v\u00e9rante, p\u00e9dagogue, <span style=\"color: #968cbe;\"><strong>Manon souhaite avant tout transmettre et partager son savoir et sa passion.<\/strong><\/span><\/span>[\/vc_column_text][\/vc_column][\/vc_row][vc_row full_width=\u00a0\u00bbstretch_row\u00a0\u00bb][vc_column width=\u00a0\u00bb1\/2&Prime; css=\u00a0\u00bb.vc_custom_1694700532025{margin-bottom: 40px !important;}\u00a0\u00bb][vc_column_text]<\/p>\n<h3><span style=\"color: #968cbe;\">Marie Soler<\/span><\/h3>\n<p><span style=\"color: #383f47;\"><em>* Championne de France 2019 &amp; 2023<br \/>\n* 1\u00e8re au Pole Art America 2018<br \/>\n* 3\u00e8me \u00e0 la comp\u00e9tition fran\u00e7aise de Pole Dance 2017<br \/>\n* Championne de France 2017 \u00e0 la comp\u00e9tition fran\u00e7aise de Pole Dance cat\u00e9gorie double<br \/>\n* 2\u00e8me au Pole Art France 2016 cat\u00e9gorie SOLO<br \/>\n* Championne de France 2016 \u00e0 la comp\u00e9tition fran\u00e7aise de Pole Dance cat\u00e9gorie double<br \/>\n* Championne de France de Pole Sports 2015 cat\u00e9gorie double Elite avec Ang\u00e9lique AZIEAU<br \/>\n* 7\u00e8me au championnat du monde de Pole Sports 2015 cat\u00e9gorie double Elite<\/em><\/span><\/p>\n<p><span style=\"color: #383f47;\">Marie se passionne d\u00e8s son plus jeune \u00e2ge pour<span style=\"color: #968cbe;\"> <strong>les sports artistiques et acrobatiques<\/strong>. <strong>Elle pratique la gymnastique artistique pendant une dizaine d&rsquo;ann\u00e9es<\/strong><\/span> pour ensuite jeter son d\u00e9volu sur la gymnastique rythmique. C&rsquo;est en 2014 que Marie d\u00e9couvre la Pole Dance. <span style=\"color: #968cbe;\"><strong>Un nouveau sport regroupant \u00e0 la fois force, gr\u00e2ce et souplesse, tout ce qu&rsquo;elle aime.<\/strong><\/span><\/span><\/p>\n<p><span style=\"color: #383f47;\"><span style=\"color: #968cbe;\"><strong>Comp\u00e9titrice dans l&rsquo;\u00e2me<\/strong><\/span> et aimant le challenge, elle participe \u00e0 plusieurs comp\u00e9titions.<\/span>[\/vc_column_text][\/vc_column][vc_column width=\u00a0\u00bb1\/2&Prime; css=\u00a0\u00bb.vc_custom_1608305102578{margin-top: 30px !important;}\u00a0\u00bb][vc_single_image image=\u00a0\u00bb3442&Prime; img_size=\u00a0\u00bb\u00a0\u00bb][\/vc_column][\/vc_row][vc_row full_width=\u00a0\u00bbstretch_row\u00a0\u00bb][vc_column width=\u00a0\u00bb1\/2&Prime; css=\u00a0\u00bb.vc_custom_1694702343722{margin-top: 30px !important;}\u00a0\u00bb][vc_single_image image=\u00a0\u00bb3435&Prime; img_size=\u00a0\u00bb\u00a0\u00bb][\/vc_column][vc_column width=\u00a0\u00bb1\/2&Prime; css=\u00a0\u00bb.vc_custom_1694702335577{margin-bottom: 40px !important;}\u00a0\u00bb][vc_column_text]<\/p>\n<h3><span style=\"color: #968cbe;\">Elisa Gerne<\/span><\/h3>\n<p><span style=\"color: #383f47;\">Sportive dans l\u2019\u00e2me, d\u00e8s son plus jeune \u00e2ge Elisa explore plusieurs pratiques sportives et artistiques, sans toutefois adh\u00e9rer \u00e0 une en particulier.<\/span><\/p>\n<p><span style=\"color: #383f47;\">C&rsquo;est en 2017, en poussant la porte d&rsquo;un studio que s&rsquo;est r\u00e9v\u00e9l\u00e9e \u00e0 elle une v\u00e9ritable passion pour la Pole Dance. C&rsquo;est l\u00e0, qu&rsquo;a \u00e9merg\u00e9 l&rsquo;\u00e9tincelle d&rsquo;une vocation.<\/span><\/p>\n<p><span style=\"color: #383f47;\">En 2018 elle d\u00e9cide de rejoindre la Formation Professionnelle d\u2019Enseignant de Pole Dance enseign\u00e9e par Manon Agard afin de parfaire ses connaissances et de pouvoir enseigner en toute s\u00e9curit\u00e9. &nbsp;<\/span><\/p>\n<p><span style=\"color: #383f47;\">Elle suit \u00e9galement une formation en danse, en pr\u00e9vention des blessures et en Yoga Danse.<\/span><\/p>\n<p><span style=\"color: #383f47;\">En 2022, apr\u00e8s avoir choisi d&rsquo;enseigner pr\u00e9alablement au sein de diff\u00e9rents studios de la r\u00e9gion montpelli\u00e9raine, Elisa rejoint l&rsquo;\u00e9quipe des professeurs de L\u2019Atelier de Manon.<\/span><\/p>\n<p><span style=\"color: #383f47;\">P\u00e9dagogue dans l\u2019\u00e2me, <span style=\"color: #968cbe;\"><strong>Elisa sera vous faire \u00e9voluer dans la pole dance et dans ses pratiques compl\u00e9mentaires avec amour, bienveillance et passion.<\/strong><\/span><\/span>[\/vc_column_text][\/vc_column][\/vc_row][vc_row full_width=\u00a0\u00bbstretch_row\u00a0\u00bb][vc_column width=\u00a0\u00bb1\/2&Prime; css=\u00a0\u00bb.vc_custom_1694703530949{margin-bottom: 40px !important;}\u00a0\u00bb][vc_column_text]<\/p>\n<h3><span style=\"color: #968cbe;\">St\u00e9phanie Pereira<\/span><\/h3>\n<p><span style=\"color: #383f47;\">St\u00e9phanie a toujours \u00e9t\u00e9 admirative devant les danseurs et danseuses en tout genre.<\/span><\/p>\n<p><span style=\"color: #383f47;\">Elle commence par le modern jazz dans l&rsquo;adolescence, puis explore ensuite le contemporain et la pole dance en gardant toujours une curiosit\u00e9 pour tout ce qui int\u00e8gre le mouvement (contorsion, danses latines, ecstatic dance).<\/span><\/p>\n<p><span style=\"color: #383f47;\">C&rsquo;est \u00e0 Tahiti qu\u2019elle d\u00e9couvre le cerceau avec Vane Lunatica. <span style=\"color: #968cbe;\"><strong>Sur une \u00eele au milieu du Pacifique on lui propose alors de donner des cours de cerceau, hamac et stretching.<\/strong><\/span> Elle commenc\u00e9 \u00e0 s&rsquo;entra\u00eener chaque jour pour proposer des cours de qualit\u00e9 aux \u00e9l\u00e8ves et honorer la confiance qu\u2019on lui donne.<\/span><\/p>\n<p><span style=\"color: #383f47;\">C&rsquo;est aux c\u00f4t\u00e9s de Manon depuis 2022 qu\u2019elle continue de s&rsquo;\u00e9panouir en transmettant sa passion.<\/span><\/p>\n<p><span style=\"color: #383f47;\"><span style=\"color: #968cbe;\"><strong>Entre son m\u00e9tier d&rsquo;ost\u00e9opathe et son amour pour la danse, St\u00e9phanie est d\u00e9finitivement une passionn\u00e9e du corps humain<\/strong><\/span>. Il est primordial pour elle d\u2019\u00eatre au plus proche du corps et de d\u00e9couvrir les incroyables capacit\u00e9s qui sommeillent en chacun de nous.<\/span>[\/vc_column_text][\/vc_column][vc_column width=\u00a0\u00bb1\/2&Prime; css=\u00a0\u00bb.vc_custom_1694703524828{margin-top: 30px !important;}\u00a0\u00bb][vc_single_image image=\u00a0\u00bb3446&Prime; img_size=\u00a0\u00bb\u00a0\u00bb css=\u00a0\u00bb.vc_custom_1728742589059{padding-top: 10px !important;}\u00a0\u00bb][\/vc_column][\/vc_row][\/vc_section][vc_row full_width=\u00a0\u00bbstretch_row\u00a0\u00bb][vc_column width=\u00a0\u00bb1\/2&Prime; css=\u00a0\u00bb.vc_custom_1694702343722{margin-top: 30px !important;}\u00a0\u00bb][vc_single_image image=\u00a0\u00bb3449&Prime; img_size=\u00a0\u00bb\u00a0\u00bb][\/vc_column][vc_column width=\u00a0\u00bb1\/2&Prime; css=\u00a0\u00bb.vc_custom_1694702335577{margin-bottom: 40px !important;}\u00a0\u00bb][vc_column_text]<\/p>\n<h3><span style=\"color: #968cbe;\">Leslie Nony<\/span><\/h3>\n<p><span style=\"color: #383f47;\">N\u00e9e dans une famille de sportifs, Leslie pratique divers sports d\u00e8s son plus jeune \u00e2ge. Dans chaque discipline, elle explore et se challenge, sans toutefois se passionner enti\u00e8rement pour une plus qu&rsquo;une autre. <\/span><\/p>\n<p><span style=\"color: #383f47;\">En 2014, elle d\u00e9couvre la Pole Dance, instantan\u00e9ment hypnotis\u00e9e par cette discipline qui allie force, souplesse, danse et acrobaties. <\/span><\/p>\n<p><span style=\"color: #383f47;\"><strong><span style=\"color: #968cbe;\">Peu de temps apr\u00e8s, elle d\u00e9couvrira une discipline annexe, mais \u00e9galement pionni\u00e8re de ce sport : l&rsquo;Exotic Pole Dance.<\/span><\/strong> Totalement envo\u00fbt\u00e9e par ce m\u00e9lange de danse et sensualit\u00e9 en talon, elle d\u00e9cide d&rsquo;en faire une de ses sp\u00e9cialit\u00e9s. <\/span><\/p>\n<p><span style=\"color: #383f47;\">En 2022, elle pousse enfin les portes de l&rsquo;Atelier de Manon et int\u00e8gre la Formation Professionnelle d\u2019Enseignant de Pole Dance enseign\u00e9e par Manon Agard. <\/span><\/p>\n<p><span style=\"color: #383f47;\">Aujourd&rsquo;hui dipl\u00f4m\u00e9e de la formation, <span style=\"color: #968cbe;\"><strong>elle enseigne aussi bien la Pole Dance que l&rsquo;Exotic Pole Dance afin d&rsquo;accompagner les femmes \u00e0 prendre confiance en elles<\/strong><\/span>, les aider \u00e0 aller au-del\u00e0 de leurs limites, les faire s&rsquo;accepter elle-m\u00eame et se rendre fi\u00e8re.<\/span>[\/vc_column_text][\/vc_column][\/vc_row][vc_row full_width=\u00a0\u00bbstretch_row\u00a0\u00bb][vc_column width=\u00a0\u00bb1\/2&Prime; css=\u00a0\u00bb.vc_custom_1694703530949{margin-bottom: 40px !important;}\u00a0\u00bb][vc_column_text]<\/p>\n<h3><span style=\"color: #968cbe;\">Millie ROTH<\/span><\/h3>\n<p><span style=\"color: #383f47;\">Millie est plong\u00e9e dans le monde du spectacle depuis son plus jeune \u00e2ge. Elle y prend de suite go\u00fbt et r\u00eave de plus grand. <\/span><\/p>\n<p><span style=\"color: #383f47;\">Elle a rapidement fait sa marque dans le monde de la pole dance et de l\u2019art a\u00e9rien. Dot\u00e9e d\u2019un talent inn\u00e9 et d\u2019une passion in\u00e9branlable pour la danse a\u00e9rienne, elle a pratiqu\u00e9 5 ans en temps qu\u2019adh\u00e9rente \u00e0 L\u2019Atelier de Manon. <\/span><\/p>\n<p><span style=\"color: #383f47;\">Elle a repouss\u00e9 les limites de l\u2019art et du mouvement en perfectionnant ses comp\u00e9tences aux c\u00f4t\u00e9s des professeures de l\u2019Atelier et d\u2019une troupe de spectacle. <\/span><\/p>\n<p><span style=\"color: #383f47;\">Son ascension vers l\u2019excellence a \u00e9t\u00e9 couronn\u00e9e de succ\u00e8s lorsqu\u2019elle a remport\u00e9 <span style=\"color: #968cbe;\"><strong>la premi\u00e8re place au Pole Earth Italie 2022<\/strong><\/span>, dans la cat\u00e9gorie double avanc\u00e9e. <\/span><\/p>\n<p><span style=\"color: #383f47;\">Millie sera l\u00e0 pour vous aider \u00e0 vous surpasser et repousser vos limites dans cet art qu\u2019elle adore.<\/span>[\/vc_column_text][\/vc_column][vc_column width=\u00a0\u00bb1\/2&Prime; css=\u00a0\u00bb.vc_custom_1694703524828{margin-top: 30px !important;}\u00a0\u00bb][vc_single_image image=\u00a0\u00bb3452&Prime; img_size=\u00a0\u00bb\u00a0\u00bb css=\u00a0\u00bb.vc_custom_1728743469323{padding-top: 10px !important;}\u00a0\u00bb][\/vc_column][\/vc_row][vc_row full_width=\u00a0\u00bbstretch_row\u00a0\u00bb][vc_column width=\u00a0\u00bb1\/2&Prime; css=\u00a0\u00bb.vc_custom_1694698804635{margin-top: 30px !important;}\u00a0\u00bb][vc_single_image image=\u00a0\u00bb3105&Prime; img_size=\u00a0\u00bb\u00a0\u00bb][\/vc_column][vc_column width=\u00a0\u00bb1\/2&Prime; css=\u00a0\u00bb.vc_custom_1694698760426{margin-bottom: 30px !important;}\u00a0\u00bb][vc_column_text]<\/p>\n<h3><span style=\"color: #968cbe;\"><strong>Marine Bauduin<\/strong><\/span><\/h3>\n<p><span style=\"color: #383f47;\">Marine est passionn\u00e9e par la Pole Dance qu\u2019elle a d\u00e9couvert en Asie en 2017.<\/span><\/p>\n<p><span style=\"color: #383f47;\">A son retour en France en 2018, elle d\u00e9cide de suivre la formation professionnelle dispens\u00e9 par Pole Dance Paris et se sent imm\u00e9diatement \u00e0 l\u2019aise avec l\u2019enseignement.<\/span><\/p>\n<p><span style=\"color: #383f47;\">En poste en tant que chef de projet, Marine d\u00e9cide de tout arr\u00eater pour se consacrer \u00e0 100% \u00e0 la pratique et l\u2019enseignement de la Pole Dance.<\/span><\/p>\n<p><span style=\"color: #383f47;\"><span style=\"color: #968cbe;\"><strong>En 2019, elle termine sa formation et devient professeure de Pole Dance et Souplesse dans deux \u00e9tablissements de la r\u00e9gion Occitanie.<\/strong><\/span> En parall\u00e8le elle lance sa propre structure de Pole Dance \u00e0 Vias o\u00f9 la discipline n\u2019est pas encore d\u00e9velopp\u00e9e.<\/span><\/p>\n<p><span style=\"color: #383f47;\">Durant l\u2019ann\u00e9e 2019\/2020 Marine prend des cours au sein de L\u2019Atelier de Manon \u00e0 B\u00e9ziers et adh\u00e8re compl\u00e8tement \u00e0 la p\u00e9dagogie et l\u2019ambiance de l\u2019\u00e9cole. Aujourd\u2019hui, c\u2019est un honneur pour elle de faire partie de cette grande \u00e9quipe de professeurs.<\/span><\/p>\n<p><span style=\"color: #383f47;\">En octobre 2020, Marine d\u00e9marre la formation dipl\u00f4mante de Nad\u00e8ge Paineau \u00e0 Paris afin d\u2019ajouter une corde \u00e0 son arc <span style=\"color: #968cbe;\"><strong>et de se sp\u00e9cialiser en souplesse et contorsion.<\/strong><\/span><\/span>[\/vc_column_text][\/vc_column][\/vc_row][vc_row full_width=\u00a0\u00bbstretch_row\u00a0\u00bb css=\u00a0\u00bb.vc_custom_1728741865253{padding-bottom: 40px !important;}\u00a0\u00bb][vc_column width=\u00a0\u00bb1\/2&Prime;][vc_column_text]<\/p>\n<div id=\":wg\" class=\"a3s aiL \">\n<h3><span style=\"color: #968cbe;\">Ludivine Alleguede<\/span><\/h3>\n<p><span style=\"color: #383f47;\"><em>* 2016 1\u00e8re Pole Th\u00e9\u00e2tre Switzerland<\/em><\/span><br \/>\n<span style=\"color: #383f47;\"><em>* 2017 participation au Pole Th\u00e9\u00e2tre Germany<\/em><\/span><br \/>\n<span style=\"color: #383f47;\"><em>* 2019 5\u00e8me comp\u00e9tition nord de Pole Dance<\/em><\/span><\/p>\n<p><span style=\"color: #968cbe;\"><strong>De formation classique Ludivine a d\u00e9couvert la Pole Dance en 2012<\/strong>.<\/span><br \/>\n<span style=\"color: #383f47;\">En parall\u00e8le de ses \u00e9tudes sup\u00e9rieures en science politique, elle a commenc\u00e9 \u00e0 enseigner la Pole Dance chez Manon Agard.<\/span><br \/>\n<span style=\"color: #383f47;\">Apr\u00e8s <span style=\"color: #968cbe;\"><strong>un an et demi d&rsquo;\u00e9cole de formation professionnelle en danse,<\/strong><\/span> \u00e0 Paris, \u00e0 se former aux c\u00f4t\u00e9s de professeurs de renom comme Sabrina Lonis, elle obtient son premier contrat en tant que danseuse \u00e0 Disneyland Paris.&nbsp;<\/span><br \/>\n<span style=\"color: #383f47;\">En Janvier 2020 elle embarque pour une nouvelle aventure \u00e0 Disneyland Tokyo au Japon pour un show en a\u00e9rien. <span style=\"color: #968cbe;\"><strong>Danseuse pluridisciplinaire<\/strong><\/span>, elle pratique le jazz, modern jazz, lyrical, contemporain, reggaeton, Street jazz, talons, Pole Dance, danse indienne etc.<\/span><\/p>\n<p><span style=\"color: #383f47;\">Aimant cr\u00e9er, <span style=\"color: #968cbe;\"><strong>elle est \u00e0 l&rsquo;origine de nombreuses chor\u00e9graphies<\/strong><\/span> pour le show \u00ab\u00a0Vol en Pole et Transe en Danse\u00a0\u00bb. Elle chor\u00e9graphie \u00e9galement plusieurs cr\u00e9ations et projets \u00e0 Paris et B\u00e9ziers.<\/span><\/p>\n<\/div>\n<p>[\/vc_column_text][\/vc_column][vc_column width=\u00a0\u00bb1\/2&Prime; css=\u00a0\u00bb.vc_custom_1694699594696{margin-top: 30px !important;}\u00a0\u00bb][vc_single_image image=\u00a0\u00bb3103&Prime; img_size=\u00a0\u00bb\u00a0\u00bb][\/vc_column][\/vc_row][vc_row full_width=\u00a0\u00bbstretch_row\u00a0\u00bb][vc_column width=\u00a0\u00bb1\/2&Prime; css=\u00a0\u00bb.vc_custom_1694698804635{margin-top: 30px !important;}\u00a0\u00bb][vc_single_image image=\u00a0\u00bb3667&Prime; img_size=\u00a0\u00bb\u00a0\u00bb][\/vc_column][vc_column width=\u00a0\u00bb1\/2&Prime; css=\u00a0\u00bb.vc_custom_1694698760426{margin-bottom: 30px !important;}\u00a0\u00bb][vc_column_text]<\/p>\n<h3><span style=\"color: #968cbe;\"><strong>Emma Pelletier<\/strong><\/span><\/h3>\n<p><span style=\"color: #383f47;\">Emma est passionn\u00e9e de gymnastique et pratiquante de ce sport depuis l&rsquo;\u00e2ge de 6 ans. <\/span><\/p>\n<p><span style=\"color: #383f47;\">Aujourd&rsquo;hui, elle s&rsquo;est reconvertie dans le monde du spectacle depuis septembre 2023 en tant que danseuse acrobate sp\u00e9cialis\u00e9e dans les arts a\u00e9riens et a \u00e0 coeur de vous transmettre sa passion.<\/span>[\/vc_column_text][\/vc_column][\/vc_row][vc_row full_width=\u00a0\u00bbstretch_row\u00a0\u00bb css=\u00a0\u00bb.vc_custom_1728741865253{padding-bottom: 40px !important;}\u00a0\u00bb][vc_column width=\u00a0\u00bb1\/2&Prime;][vc_column_text]<\/p>\n<div id=\":wg\" class=\"a3s aiL \">\n<h3><span style=\"color: #968cbe;\">Elvine Monsarrat<\/span><\/h3>\n<p class=\"p1\"><span style=\"color: #383f47;\">D\u00e8s son plus jeune \u00e2ge, Elvine pratique le Modern Jazz.<\/span><\/p>\n<p class=\"p1\"><span style=\"color: #383f47;\">C\u2019est en 2021, qu\u2019elle d\u00e9couvre la Pole Dance, une discipline sportive et artistique qui allie danse et acrobatie. <span style=\"color: #968cbe;\"><strong>S\u00e9duite par l&rsquo;alliance de la force, de la gr\u00e2ce et de la souplesse qu&rsquo;elle exige, Elvine se consacre pleinement \u00e0 cette pratique.<\/strong><\/span><\/span><\/p>\n<p class=\"p1\"><span style=\"color: #383f47;\">Elle d\u00e9cide alors de se lancer dans l&rsquo;enseignement et commence la formation professionnelle de Mariana Baum by Manon Agard. <\/span><\/p>\n<p class=\"p1\"><span style=\"color: #383f47;\">Pour approfondir ses connaissances sur le corps humain et le mouvement, Elvine obtient \u00e9galement sa carte professionnelle d&rsquo;\u00e9ducateur sportif.&nbsp;<\/span><\/p>\n<\/div>\n<p>[\/vc_column_text][\/vc_column][vc_column width=\u00a0\u00bb1\/2&Prime; css=\u00a0\u00bb.vc_custom_1694699594696{margin-top: 30px !important;}\u00a0\u00bb][vc_single_image image=\u00a0\u00bb3668&Prime; img_size=\u00a0\u00bb\u00a0\u00bb][\/vc_column][\/vc_row]<\/p>\n","protected":false},"excerpt":{"rendered":"<p>[vc_section][vc_row][vc_column][vc_column_text] Les professeurs [\/vc_column_text][\/vc_column][\/vc_row][vc_row full_width=\u00a0\u00bbstretch_row\u00a0\u00bb equal_height=\u00a0\u00bbyes\u00a0\u00bb css=\u00a0\u00bb.vc_custom_1728740620842{margin-top: 10px !important;}\u00a0\u00bb][vc_column width=\u00a0\u00bb1\/2&Prime; css=\u00a0\u00bb.vc_custom_1694702540338{margin-top: 20px !important;margin-bottom: 30px !important;}\u00a0\u00bb][vc_single_image image=\u00a0\u00bb3439&Prime; img_size=\u00a0\u00bb\u00a0\u00bb][\/vc_column][vc_column width=\u00a0\u00bb1\/2&Prime;][vc_column_text] Manon Agard * 2013, 2014 &amp; 2016, Manon est \ufb01naliste de la Comp\u00e9tition Fran\u00e7aise de Pole Dance * 2015, d\u00e9croche le titre [&hellip;]<\/p>\n","protected":false},"author":1,"featured_media":0,"parent":0,"menu_order":0,"comment_status":"closed","ping_status":"closed","template":"","meta":{"footnotes":""},"class_list":["post-2568","page","type-page","status-publish","hentry"],"_links":{"self":[{"href":"https:\/\/poledancebeziers.com\/index.php\/wp-json\/wp\/v2\/pages\/2568","targetHints":{"allow":["GET"]}}],"collection":[{"href":"https:\/\/poledancebeziers.com\/index.php\/wp-json\/wp\/v2\/pages"}],"about":[{"href":"https:\/\/poledancebeziers.com\/index.php\/wp-json\/wp\/v2\/types\/page"}],"author":[{"embeddable":true,"href":"https:\/\/poledancebeziers.com\/index.php\/wp-json\/wp\/v2\/users\/1"}],"replies":[{"embeddable":true,"href":"https:\/\/poledancebeziers.com\/index.php\/wp-json\/wp\/v2\/comments?post=2568"}],"version-history":[{"count":111,"href":"https:\/\/poledancebeziers.com\/index.php\/wp-json\/wp\/v2\/pages\/2568\/revisions"}],"predecessor-version":[{"id":3882,"href":"https:\/\/poledancebeziers.com\/index.php\/wp-json\/wp\/v2\/pages\/2568\/revisions\/3882"}],"wp:attachment":[{"href":"https:\/\/poledancebeziers.com\/index.php\/wp-json\/wp\/v2\/media?parent=2568"}],"curies":[{"name":"wp","href":"https:\/\/api.w.org\/{rel}","templated":true}]}}