{"id":1237,"date":"2020-10-31T11:10:36","date_gmt":"2020-10-31T10:10:36","guid":{"rendered":"https:\/\/poledancebeziers.com\/?page_id=1237"},"modified":"2024-12-01T21:52:44","modified_gmt":"2024-12-01T20:52:44","slug":"accueil","status":"publish","type":"page","link":"https:\/\/poledancebeziers.com\/","title":{"rendered":"Accueil"},"content":{"rendered":"<p>[vc_section full_height=\u00a0\u00bbyes\u00a0\u00bb][vc_row][vc_column]\n\t\t\t<!-- START slider_accueil REVOLUTION SLIDER 6.2.22 --><p class=\"rs-p-wp-fix\"><\/p>\n\t\t\t<rs-module-wrap id=\"rev_slider_2_1_wrapper\" data-source=\"gallery\" style=\"background:transparent;padding:0;margin:0px auto;margin-top:0;margin-bottom:0;\">\n\t\t\t\t<rs-module id=\"rev_slider_2_1\" style=\"\" data-version=\"6.2.22\">\n\t\t\t\t\t<rs-slides>\n\t\t\t\t\t\t<rs-slide data-key=\"rs-4\" data-title=\"Slide\" data-thumb=\"\/\/poledancebeziers.com\/wp-content\/uploads\/2024\/10\/Design-sans-titre-8-50x100.png\" data-anim=\"ei:d;eo:d;s:500ms;r:0;t:fade;sl:0;\">\n\t\t\t\t\t\t\t<img loading=\"lazy\" decoding=\"async\" src=\"\/\/poledancebeziers.com\/wp-content\/uploads\/2024\/10\/Design-sans-titre-8.png\" title=\"Design sans titre (8)\" width=\"1903\" height=\"950\" class=\"rev-slidebg\" data-no-retina>\n<!--\n\t\t\t\t\t\t\t--><rs-layer\n\t\t\t\t\t\t\t\tid=\"slider-2-slide-4-layer-0\" \n\t\t\t\t\t\t\t\tdata-type=\"text\"\n\t\t\t\t\t\t\t\tdata-color=\"#f6f2ef\"\n\t\t\t\t\t\t\t\tdata-rsp_ch=\"on\"\n\t\t\t\t\t\t\t\tdata-xy=\"x:c;xo:-7px,-5px,-3px,-1px;y:b;yo:410px,338px,256px,157px;\"\n\t\t\t\t\t\t\t\tdata-text=\"w:nowrap;s:90,74,56,34;l:155,128,97,59;fw:200;a:center;\"\n\t\t\t\t\t\t\t\tdata-dim=\"w:1239px,1023px,777px,479px;h:140px,115px,87px,53px;\"\n\t\t\t\t\t\t\t\tdata-frame_999=\"o:0;st:w;\"\n\t\t\t\t\t\t\t\tstyle=\"z-index:5;background-color:rgba(0,0,0,0.4);font-family:Tajawal;\"\n\t\t\t\t\t\t\t>Bienvenue \u00e0 L'Atelier de Manon \n\t\t\t\t\t\t\t<\/rs-layer><!--\n-->\t\t\t\t\t\t<\/rs-slide>\n\t\t\t\t\t\t<rs-slide data-key=\"rs-23\" data-title=\"Slide\" data-thumb=\"\/\/poledancebeziers.com\/wp-content\/uploads\/2024\/10\/Design-sans-titre-7-50x100.png\" data-anim=\"ei:d;eo:d;s:500ms;r:0;t:fade;sl:0;\">\n\t\t\t\t\t\t\t<img loading=\"lazy\" decoding=\"async\" src=\"\/\/poledancebeziers.com\/wp-content\/uploads\/2024\/10\/Design-sans-titre-7.png\" title=\"Design sans titre (7)\" width=\"1903\" height=\"950\" class=\"rev-slidebg\" data-no-retina>\n<!--\n\t\t\t\t\t\t\t--><rs-layer\n\t\t\t\t\t\t\t\tid=\"slider-2-slide-23-layer-1\" \n\t\t\t\t\t\t\t\tdata-type=\"text\"\n\t\t\t\t\t\t\t\tdata-color=\"#f6f2ef\"\n\t\t\t\t\t\t\t\tdata-rsp_ch=\"on\"\n\t\t\t\t\t\t\t\tdata-xy=\"x:c;xo:-7px,-5px,-3px,-1px;y:b;yo:409px,337px,256px,157px;\"\n\t\t\t\t\t\t\t\tdata-text=\"w:normal;s:90,74,56,34;l:155,128,97,59;fw:200;a:center;\"\n\t\t\t\t\t\t\t\tdata-dim=\"w:1240px,1024px,778px,480px;h:140px,115px,87px,53px;\"\n\t\t\t\t\t\t\t\tdata-frame_999=\"o:0;st:w;\"\n\t\t\t\t\t\t\t\tstyle=\"z-index:5;background-color:rgba(0,0,0,0.4);font-family:Tajawal;\"\n\t\t\t\t\t\t\t>Cours collectifs, priv\u00e9s & stages \n\t\t\t\t\t\t\t<\/rs-layer><!--\n-->\t\t\t\t\t\t<\/rs-slide>\n\t\t\t\t\t<\/rs-slides>\n\t\t\t\t\t<rs-static-layers><!--\n\t\t\t\t\t--><\/rs-static-layers>\n\t\t\t\t<\/rs-module>\n\t\t\t\t<script type=\"text\/javascript\">\n\t\t\t\t\tsetREVStartSize({c: 'rev_slider_2_1',rl:[1240,1024,778,480],el:[950,768,960,720],gw:[1240,1024,778,480],gh:[950,768,960,720],type:'standard',justify:'',layout:'fullwidth',mh:\"0\"});\n\t\t\t\t\tvar\trevapi2,\n\t\t\t\t\t\ttpj;\n\t\t\t\t\tfunction revinit_revslider21() {\n\t\t\t\t\tjQuery(function() {\n\t\t\t\t\t\ttpj = jQuery;\n\t\t\t\t\t\trevapi2 = tpj(\"#rev_slider_2_1\");\n\t\t\t\t\t\tif(revapi2==undefined || revapi2.revolution == undefined){\n\t\t\t\t\t\t\trevslider_showDoubleJqueryError(\"rev_slider_2_1\");\n\t\t\t\t\t\t}else{\n\t\t\t\t\t\t\trevapi2.revolution({\n\t\t\t\t\t\t\t\tsliderLayout:\"fullwidth\",\n\t\t\t\t\t\t\t\tduration:\"7000ms\",\n\t\t\t\t\t\t\t\tvisibilityLevels:\"1240,1024,778,480\",\n\t\t\t\t\t\t\t\tgridwidth:\"1240,1024,778,480\",\n\t\t\t\t\t\t\t\tgridheight:\"950,768,960,720\",\n\t\t\t\t\t\t\t\tspinner:\"spinner7\",\n\t\t\t\t\t\t\t\tperspective:600,\n\t\t\t\t\t\t\t\tperspectiveType:\"global\",\n\t\t\t\t\t\t\t\teditorheight:\"950,768,960,720\",\n\t\t\t\t\t\t\t\tresponsiveLevels:\"1240,1024,778,480\",\n\t\t\t\t\t\t\t\tprogressBar: {\n\t\t\t\t\t\t\t\t\tsize:\"1px\",\n\t\t\t\t\t\t\t\t\tx:0,\n\t\t\t\t\t\t\t\t\ty:0\n\t\t\t\t\t\t\t\t},\n\t\t\t\t\t\t\t\tnavigation: {\n\t\t\t\t\t\t\t\t\ttouch: {\n\t\t\t\t\t\t\t\t\t\ttouchenabled:true\n\t\t\t\t\t\t\t\t\t},\n\t\t\t\t\t\t\t\t\tbullets: {\n\t\t\t\t\t\t\t\t\t\tenable:true,\n\t\t\t\t\t\t\t\t\t\ttmp:\"<span class=\\\"tp-bullet-inner\\\"><\/span>\",\n\t\t\t\t\t\t\t\t\t\tstyle:\"uranus\",\n\t\t\t\t\t\t\t\t\t\th_align:\"right\",\n\t\t\t\t\t\t\t\t\t\tv_align:\"center\",\n\t\t\t\t\t\t\t\t\t\tv_offset:0,\n\t\t\t\t\t\t\t\t\t\tdirection:\"vertical\",\n\t\t\t\t\t\t\t\t\t\tcontainer:\"layergrid\"\n\t\t\t\t\t\t\t\t\t}\n\t\t\t\t\t\t\t\t},\n\t\t\t\t\t\t\t\tfallbacks: {\n\t\t\t\t\t\t\t\t\tallowHTML5AutoPlayOnAndroid:true\n\t\t\t\t\t\t\t\t},\n\t\t\t\t\t\t\t});\n\t\t\t\t\t\t}\n\t\t\t\t\t\t\n\t\t\t\t\t});\n\t\t\t\t\t} \/\/ End of RevInitScript\n\t\t\t\tvar once_revslider21 = false;\n\t\t\t\tif (document.readyState === \"loading\") {document.addEventListener('readystatechange',function() { if((document.readyState === \"interactive\" || document.readyState === \"complete\") && !once_revslider21 ) { once_revslider21 = true; revinit_revslider21();}});} else {once_revslider21 = true; revinit_revslider21();}\n\t\t\t\t<\/script>\n\t\t\t\t<script>\n\t\t\t\t\tvar htmlDivCss = unescape(\"%23rev_slider_2_1_wrapper%20.uranus%20.tp-bullet%7B%0A%20%20border-radius%3A%2050%25%3B%0A%20%20box-shadow%3A%200%200%200%202px%20rgba%28255%2C255%2C255%2C0%29%3B%0A%20%20-webkit-transition%3A%20box-shadow%200.3s%20ease%3B%0A%20%20transition%3A%20box-shadow%200.3s%20ease%3B%0A%20%20background%3Atransparent%3B%0A%20%20width%3A15px%3B%0A%20%20height%3A15px%3B%0A%7D%0A%23rev_slider_2_1_wrapper%20.uranus%20.tp-bullet.selected%2C%0A%23rev_slider_2_1_wrapper%20.uranus%20.tp-bullet%3Ahover%20%7B%0A%20%20box-shadow%3A%200%200%200%202px%20rgba%28255%2C255%2C255%2C1%29%3B%0A%20%20border%3Anone%3B%0A%20%20border-radius%3A%2050%25%3B%0A%20%20background%3Atransparent%3B%0A%7D%0A%0A%23rev_slider_2_1_wrapper%20.uranus%20.tp-bullet-inner%20%7B%0A%20%20-webkit-transition%3A%20background-color%200.3s%20ease%2C%20-webkit-transform%200.3s%20ease%3B%0A%20%20transition%3A%20background-color%200.3s%20ease%2C%20transform%200.3s%20ease%3B%0A%20%20top%3A%200%3B%0A%20%20left%3A%200%3B%0A%20%20width%3A%20100%25%3B%0A%20%20height%3A%20100%25%3B%0A%20%20outline%3A%20none%3B%0A%20%20border-radius%3A%2050%25%3B%0A%20%20background-color%3A%20rgba%28255%2C255%2C255%2C0%29%3B%0A%20%20background-color%3A%20rgba%28255%2C255%2C255%2C0.3%29%3B%0A%20%20text-indent%3A%20-999em%3B%0A%20%20cursor%3A%20pointer%3B%0A%20%20position%3A%20absolute%3B%0A%7D%0A%0A%23rev_slider_2_1_wrapper%20.uranus%20.tp-bullet.selected%20.tp-bullet-inner%2C%0A%23rev_slider_2_1_wrapper%20.uranus%20.tp-bullet%3Ahover%20.tp-bullet-inner%7B%0A%20transform%3A%20scale%280.4%29%3B%0A%20-webkit-transform%3A%20scale%280.4%29%3B%0A%20background-color%3Argba%28255%2C255%2C255%2C1%29%3B%0A%7D%0A\");\n\t\t\t\t\tvar htmlDiv = document.getElementById('rs-plugin-settings-inline-css');\n\t\t\t\t\tif(htmlDiv) {\n\t\t\t\t\t\thtmlDiv.innerHTML = htmlDiv.innerHTML + htmlDivCss;\n\t\t\t\t\t}else{\n\t\t\t\t\t\tvar htmlDiv = document.createElement('div');\n\t\t\t\t\t\thtmlDiv.innerHTML = '<style>' + htmlDivCss + '<\/style>';\n\t\t\t\t\t\tdocument.getElementsByTagName('head')[0].appendChild(htmlDiv.childNodes[0]);\n\t\t\t\t\t}\n\t\t\t\t<\/script>\n\t\t\t\t<script>\n\t\t\t\t\tvar htmlDivCss = unescape(\"%0A%0A\");\n\t\t\t\t\tvar htmlDiv = document.getElementById('rs-plugin-settings-inline-css');\n\t\t\t\t\tif(htmlDiv) {\n\t\t\t\t\t\thtmlDiv.innerHTML = htmlDiv.innerHTML + htmlDivCss;\n\t\t\t\t\t}else{\n\t\t\t\t\t\tvar htmlDiv = document.createElement('div');\n\t\t\t\t\t\thtmlDiv.innerHTML = '<style>' + htmlDivCss + '<\/style>';\n\t\t\t\t\t\tdocument.getElementsByTagName('head')[0].appendChild(htmlDiv.childNodes[0]);\n\t\t\t\t\t}\n\t\t\t\t<\/script>\n\t\t\t<\/rs-module-wrap>\n\t\t\t<!-- END REVOLUTION SLIDER -->\n[\/vc_column][\/vc_row][vc_row css=\u00a0\u00bb.vc_custom_1608303858862{padding-top: 30px !important;}\u00a0\u00bb][vc_column][vc_column_text]<\/p>\n<h1 style=\"text-align: center;\"><span style=\"color: #383f47;\">Pole dance, hamac, cerceau &amp; souplesse<br \/>\n<\/span><\/h1>\n<p>[\/vc_column_text][\/vc_column][\/vc_row][\/vc_section][vc_row full_width=\u00a0\u00bbstretch_row\u00a0\u00bb css=\u00a0\u00bb.vc_custom_1728815316090{margin-top: 30px !important;}\u00a0\u00bb][vc_column width=\u00a0\u00bb2\/3&Prime;][vc_column_text]<\/p>\n<h3><span style=\"color: #968cbe;\"><b>L\u2019association du sport et du plaisir<\/b><\/span><\/h3>\n<p><span style=\"color: #383f47;\">Ouvert aux adultes comme aux enfants, L\u2019Atelier de Manon propose des cours adapt\u00e9s \u00e0 tous les \u00e2ges et tous les niveaux. Du d\u00e9butant \u00e0 l\u2019avanc\u00e9, que vous soyez sportif averti ou novice vous trouverez forc\u00e9ment votre bonheur !<\/span><\/p>\n<p><span style=\"color: #383f47;\">L\u2019Atelier de Manon associe la rigueur et l\u2019exigence sportive \u00e0 la bienveillance et au plaisir. Toujours dans le respect de chacun, venez-vous d\u00e9passer, progresser, travailler et r\u00e9v\u00e9ler tout votre potentiel sportif.<\/span><\/p>\n<p><span style=\"color: #383f47;\">M\u00eame si le sport n\u2019est pas votre activit\u00e9 favorite, n\u2019h\u00e9sitez plus et venez tester. Tout ce que vous risquez c\u2019est d\u2019aimer et de ne plus pouvoir vous en passer !<\/span>[\/vc_column_text][\/vc_column][vc_column width=\u00a0\u00bb1\/3&Prime; css=\u00a0\u00bb.vc_custom_1695566404366{margin-bottom: 30px !important;}\u00a0\u00bb][vc_single_image image=\u00a0\u00bb3482&Prime; img_size=\u00a0\u00bbmedium\u00a0\u00bb alignment=\u00a0\u00bbright\u00a0\u00bb css=\u00a0\u00bb.vc_custom_1728816151337{padding-top: 25px !important;}\u00a0\u00bb][\/vc_column][\/vc_row][vc_row full_width=\u00a0\u00bbstretch_row\u00a0\u00bb][vc_column width=\u00a0\u00bb1\/3&Prime; css=\u00a0\u00bb.vc_custom_1695566428762{margin-bottom: 30px !important;padding-top: 25px !important;}\u00a0\u00bb][vc_single_image image=\u00a0\u00bb3477&Prime; img_size=\u00a0\u00bbmedium\u00a0\u00bb][\/vc_column][vc_column width=\u00a0\u00bb2\/3&Prime; css=\u00a0\u00bb.vc_custom_1695566351587{margin-bottom: 30px !important;}\u00a0\u00bb][vc_column_text]<\/p>\n<h3><span style=\"color: #968cbe;\"><b>Passion et volont\u00e9 : le leitmotiv de L\u2019Atelier<\/b><\/span><\/h3>\n<p><span style=\"color: #383f47;\">L\u2019Atelier de Manon puise son essence au sein de la passion et de la volont\u00e9. Manon Agard a d\u00e9couvert la Pole Dance aux USA lors d\u2019un voyage d\u2019un an \u00e0 travers le pays. A peine revenue en France, elle annonce \u00e0 ses parents qu\u2019elle va ouvrir une \u00e9cole et c\u2019est ainsi que l\u2019aventure Pole Dance School B\u00e9ziers commence en 2011. D\u00e9sormais, cette passion se partage en grand et \u00e0 plusieurs au sein de notre nouveau lieu ouvert en septembre 2017.<\/span><\/p>\n<p><span style=\"color: #383f47;\">Pour partager, d\u00e9couvrir, apporter votre pierre \u00e0 l\u2019ambiance qui r\u00e8gne ici, <a href=\"https:\/\/backoffice.bsport.io\/m\/L'Atelier%20de%20Manon%20-%20Pole%20Dance%20&amp;%20Arts%20A%C3%A9riens\/2703\/pass\/?tabSelected=2&amp;hidePrivatePass=false&amp;hidePaymentCombo=true&amp;paymentPackCategories=10870,10878&amp;privatePassCategories=3186\">inscrivez-vous d\u00e8s aujourd\u2019hui et r\u00e9servez votre premier cours&nbsp;d\u2019essai \u00e0 10\u20ac !<\/a><\/span>[\/vc_column_text][\/vc_column][\/vc_row][vc_section][vc_row full_width=\u00a0\u00bbstretch_row\u00a0\u00bb][vc_column width=\u00a0\u00bb2\/3&Prime; css=\u00a0\u00bb.vc_custom_1695566362568{margin-bottom: 30px !important;}\u00a0\u00bb][vc_column_text]<\/p>\n<h3><span style=\"color: #968cbe;\"><b>Vers la Pole Dance et au del\u00e0<\/b><\/span><\/h3>\n<p><span style=\"color: #383f47;\">Aujourd&rsquo;hui L&rsquo;Atelier de Manon propose de nombreuses disciplines autour de l&rsquo;a\u00e9rien, mais \u00e9galement une v\u00e9ritable d\u00e9clinaison de cours pour explorer la Pole Dance sous toutes ses formes. <\/span><\/p>\n<p><span style=\"color: #383f47;\">Pole Exotic o\u00f9 talons hauts et sensualit\u00e9 sont de rigueur ou Pole Elite o\u00f9 l&rsquo;excellence et le travail sont les ma\u00eetres mots. Le hamac et le cerceau sont l\u00e0 pour vous faire d\u00e9couvrir d&rsquo;autres fa\u00e7ons de faire tournoyer corps et esprit dans les airs.<\/span><\/p>\n<p><span style=\"color: #383f47;\">Il y en a pour tous les go\u00fbts et gr\u00e2ce \u00e0 un planning tr\u00e8s fourni vous trouverez le moment id\u00e9al pour venir !<\/span>[\/vc_column_text][\/vc_column][vc_column width=\u00a0\u00bb1\/3&Prime; css=\u00a0\u00bb.vc_custom_1695566550163{margin-bottom: 30px !important;}\u00a0\u00bb][vc_single_image image=\u00a0\u00bb3485&Prime; img_size=\u00a0\u00bbmedium\u00a0\u00bb alignment=\u00a0\u00bbright\u00a0\u00bb css=\u00a0\u00bb.vc_custom_1728816046371{padding-top: 25px !important;}\u00a0\u00bb][\/vc_column][\/vc_row][\/vc_section][vc_row css=\u00a0\u00bb.vc_custom_1696346509718{margin-top: 15px !important;}\u00a0\u00bb][vc_column][vc_raw_html]JTVCaW5zdGFncmFtLWZlZWQlMjBmZWVkJTNEMSU1RA==[\/vc_raw_html][\/vc_column][\/vc_row]<\/p>\n","protected":false},"excerpt":{"rendered":"<p>[vc_section full_height=\u00a0\u00bbyes\u00a0\u00bb][vc_row][vc_column][\/vc_column][\/vc_row][vc_row css=\u00a0\u00bb.vc_custom_1608303858862{padding-top: 30px !important;}\u00a0\u00bb][vc_column][vc_column_text] Pole dance, hamac, cerceau &amp; souplesse [\/vc_column_text][\/vc_column][\/vc_row][\/vc_section][vc_row full_width=\u00a0\u00bbstretch_row\u00a0\u00bb css=\u00a0\u00bb.vc_custom_1728815316090{margin-top: 30px !important;}\u00a0\u00bb][vc_column width=\u00a0\u00bb2\/3&Prime;][vc_column_text] L\u2019association du sport et du plaisir Ouvert aux adultes comme aux enfants, L\u2019Atelier de Manon propose des cours adapt\u00e9s \u00e0 tous les \u00e2ges [&hellip;]<\/p>\n","protected":false},"author":1,"featured_media":0,"parent":0,"menu_order":0,"comment_status":"closed","ping_status":"closed","template":"","meta":{"footnotes":""},"class_list":["post-1237","page","type-page","status-publish","hentry"],"_links":{"self":[{"href":"https:\/\/poledancebeziers.com\/index.php\/wp-json\/wp\/v2\/pages\/1237","targetHints":{"allow":["GET"]}}],"collection":[{"href":"https:\/\/poledancebeziers.com\/index.php\/wp-json\/wp\/v2\/pages"}],"about":[{"href":"https:\/\/poledancebeziers.com\/index.php\/wp-json\/wp\/v2\/types\/page"}],"author":[{"embeddable":true,"href":"https:\/\/poledancebeziers.com\/index.php\/wp-json\/wp\/v2\/users\/1"}],"replies":[{"embeddable":true,"href":"https:\/\/poledancebeziers.com\/index.php\/wp-json\/wp\/v2\/comments?post=1237"}],"version-history":[{"count":73,"href":"https:\/\/poledancebeziers.com\/index.php\/wp-json\/wp\/v2\/pages\/1237\/revisions"}],"predecessor-version":[{"id":3856,"href":"https:\/\/poledancebeziers.com\/index.php\/wp-json\/wp\/v2\/pages\/1237\/revisions\/3856"}],"wp:attachment":[{"href":"https:\/\/poledancebeziers.com\/index.php\/wp-json\/wp\/v2\/media?parent=1237"}],"curies":[{"name":"wp","href":"https:\/\/api.w.org\/{rel}","templated":true}]}}